{"id":2913,"date":"2026-01-16T11:46:59","date_gmt":"2026-01-16T11:46:59","guid":{"rendered":"https:\/\/digitechpayments.com\/?page_id=2913"},"modified":"2026-01-28T04:40:23","modified_gmt":"2026-01-28T04:40:23","slug":"politique-de-confidentialite","status":"publish","type":"page","link":"https:\/\/digitechpayments.com\/fr\/politique-de-confidentialite\/","title":{"rendered":"Politique de confidentialit\u00e9"},"content":{"rendered":"\t\t<div data-elementor-type=\"wp-page\" data-elementor-id=\"2913\" class=\"elementor elementor-2913 elementor-3\" data-elementor-post-type=\"page\">\n\t\t\t\t<div class=\"elementor-element elementor-element-8f8c536 inner_page_header_wrapper e-flex e-con-boxed e-con e-parent\" data-id=\"8f8c536\" data-element_type=\"container\" data-e-type=\"container\">\n\t\t\t\t\t<div class=\"e-con-inner\">\n\t\t<div class=\"elementor-element elementor-element-9187317 e-con-full e-flex e-con e-child\" data-id=\"9187317\" data-element_type=\"container\" data-e-type=\"container\">\n\t\t\t\t<div class=\"elementor-element elementor-element-5f66208 elementor-widget__width-auto elementor-invisible elementor-widget elementor-widget-heading\" data-id=\"5f66208\" data-element_type=\"widget\" data-e-type=\"widget\" data-settings=\"{&quot;_animation&quot;:&quot;fadeInUp&quot;}\" data-widget_type=\"heading.default\">\n\t\t\t\t\t<div class=\"elementor-heading-title elementor-size-default\">DigitechPaiements<\/div>\t\t\t\t<\/div>\n\t\t\t\t<div class=\"elementor-element elementor-element-088b538 page_title elementor-invisible elementor-widget elementor-widget-heading\" data-id=\"088b538\" data-element_type=\"widget\" data-e-type=\"widget\" data-settings=\"{&quot;_animation&quot;:&quot;fadeInUp&quot;,&quot;_animation_delay&quot;:100}\" data-widget_type=\"heading.default\">\n\t\t\t\t\t<h1 class=\"elementor-heading-title elementor-size-default\">Politique de confidentialit\u00e9<\/h1>\t\t\t\t<\/div>\n\t\t\t\t<\/div>\n\t\t\t\t\t<\/div>\n\t\t\t\t<\/div>\n\t\t<div class=\"elementor-element elementor-element-3e937c05 e-flex e-con-boxed e-con e-parent\" data-id=\"3e937c05\" data-element_type=\"container\" data-e-type=\"container\">\n\t\t\t\t\t<div class=\"e-con-inner\">\n\t\t\t\t<div class=\"elementor-element elementor-element-a94c4f8 elementor-invisible elementor-widget elementor-widget-text-editor\" data-id=\"a94c4f8\" data-element_type=\"widget\" data-e-type=\"widget\" data-settings=\"{&quot;_animation&quot;:&quot;fadeInUp&quot;}\" data-widget_type=\"text-editor.default\">\n\t\t\t\t\t\t\t\t\t<h2><strong>QUI SOMMES-NOUS<\/strong><\/h2>\n<p>L\u2019adresse de notre site web est <a href=\"https:\/\/digitechpayments.com\/\">https:\/\/digitechpayments.com<\/a>. <\/p>\n<p><strong>POLITIQUE DE CONFIDENTIALIT\u00c9<\/strong><br>La pr\u00e9sente politique de confidentialit\u00e9 r\u00e9git la mani\u00e8re dont le site web recueille, utilise, conserve et divulgue les informations recueillies aupr\u00e8s des utilisateurs (chacun \u00e9tant un \u00ab Utilisateur \u00bb) du site web (le \u00ab Site \u00bb). Cette politique de confidentialit\u00e9 s\u2019applique au Site et \u00e0 tous les produits et services offerts par DigitechPaiements. <\/p>\n<p><strong>RENSEIGNEMENTS PERSONNELS D\u2019IDENTIFICATION<\/strong><br>Nous pouvons recueillir des renseignements personnels d\u2019identification aupr\u00e8s des Utilisateurs de diverses mani\u00e8res, y compris, mais sans s\u2019y limiter, lorsque les Utilisateurs visitent notre site, s\u2019inscrivent sur le site, s\u2019abonnent \u00e0 l\u2019infolettre et dans le cadre d\u2019autres activit\u00e9s, services, fonctionnalit\u00e9s ou ressources que nous mettons \u00e0 disposition sur notre Site. Les utilisateurs peuvent \u00eatre invit\u00e9s \u00e0 fournir, le cas \u00e9ch\u00e9ant, une adresse courriel. Les utilisateurs peuvent toutefois visiter notre Site de fa\u00e7on anonyme. Nous ne recueillerons des renseignements personnels d\u2019identification aupr\u00e8s des Utilisateurs que s\u2019ils nous soumettent volontairement ces renseignements. Les utilisateurs peuvent toujours refuser de fournir des renseignements personnels d\u2019identification, sauf que cela peut les emp\u00eacher de participer \u00e0 certaines activit\u00e9s li\u00e9es au Site.    <\/p>\n<p><strong>RENSEIGNEMENTS D\u2019IDENTIFICATION NON PERSONNELS<\/strong><br>Nous pouvons recueillir des renseignements d\u2019identification non personnels sur les Utilisateurs chaque fois qu\u2019ils interagissent avec notre Site. Les renseignements d\u2019identification non personnels peuvent comprendre le nom du navigateur, le type d\u2019ordinateur et des renseignements techniques sur les moyens de connexion de l\u2019Utilisateur \u00e0 notre Site, comme le syst\u00e8me d\u2019exploitation et les fournisseurs de services Internet utilis\u00e9s, ainsi que d\u2019autres renseignements similaires. <\/p>\n<p><strong>T\u00c9MOINS DE NAVIGATION WEB<\/strong><br>Notre Site peut utiliser des \u00ab&nbsp;t\u00e9moins&nbsp;\u00bb pour am\u00e9liorer l\u2019exp\u00e9rience de l\u2019Utilisateur. Le navigateur web de l\u2019Utilisateur place des t\u00e9moins sur son disque dur \u00e0 des fins de tenue de dossiers et parfois pour suivre les renseignements \u00e0 son sujet. L\u2019Utilisateur peut choisir de configurer son navigateur web pour qu\u2019il refuse les t\u00e9moins ou pour qu\u2019il alerte le Site lorsque des t\u00e9moins sont envoy\u00e9s. S\u2019il le fait, veuillez noter que certaines parties du Site peuvent ne pas fonctionner correctement.   <\/p>\n<p><strong>COMMENT NOUS UTILISONS LES RENSEIGNEMENTS RECUEILLIS<\/strong><br>DigitechPaiements peut recueillir et utiliser les renseignements personnels des Utilisateurs aux fins suivantes :<\/p>\n<ul>\n<li>Pour am\u00e9liorer le service \u00e0 la client\u00e8le<\/li>\n<li>Les renseignements que vous fournissez nous aident \u00e0 r\u00e9pondre plus efficacement \u00e0 vos demandes de service \u00e0 la client\u00e8le et \u00e0 vos besoins de soutien.<\/li>\n<li>Pour personnaliser l\u2019exp\u00e9rience de l\u2019utilisateur<\/li>\n<li>Nous pouvons utiliser les renseignements dans l\u2019ensemble pour comprendre comment nos Utilisateurs en tant que groupe utilisent les services et les ressources fournis sur notre Site.<\/li>\n<li>Pour envoyer des courriels p\u00e9riodiques<\/li>\n<li>Nous pouvons utiliser l\u2019adresse courriel pour envoyer \u00e0 l\u2019Utilisateur des renseignements et des mises \u00e0 jour concernant sa commande. Elle peut \u00e9galement \u00eatre utilis\u00e9e pour r\u00e9pondre \u00e0 ses demandes de renseignements, questions et\/ou autres demandes. Si l\u2019Utilisateur d\u00e9cide de s\u2019inscrire \u00e0 notre liste d\u2019envoi, il recevra des courriels pouvant comprendre des nouvelles de l\u2019entreprise, des mises \u00e0 jour, des renseignements sur des produits ou services connexes, etc. Si, \u00e0 tout moment, l\u2019Utilisateur souhaite se d\u00e9sabonner et ne plus recevoir de courriels, nous incluons des instructions de d\u00e9sabonnement d\u00e9taill\u00e9es au bas de chaque courriel ou l\u2019Utilisateur peut communiquer avec nous par l\u2019interm\u00e9diaire de notre Site.   <\/li>\n<\/ul>\n<p><strong>COMMENT NOUS PROT\u00c9GEONS VOS RENSEIGNEMENTS<\/strong><br>Nous adoptons des pratiques appropri\u00e9es de collecte, de stockage et de traitement des donn\u00e9es et des mesures de s\u00e9curit\u00e9 pour prot\u00e9ger contre l\u2019acc\u00e8s non autoris\u00e9, la modification, la divulgation ou la destruction de vos renseignements personnels, nom d\u2019utilisateur, mot de passe, renseignements sur les transactions et donn\u00e9es stock\u00e9es sur notre Site.<\/p>\n<p><strong>PARTAGE DE VOS RENSEIGNEMENTS PERSONNELS<\/strong><br>Nous ne vendons, n\u2019\u00e9changeons ni ne louons les renseignements personnels d\u2019identification des Utilisateurs \u00e0 des tiers. Nous pouvons partager des renseignements d\u00e9mographiques agr\u00e9g\u00e9s g\u00e9n\u00e9riques non li\u00e9s \u00e0 des renseignements personnels d\u2019identification concernant les visiteurs et les utilisateurs avec nos partenaires commerciaux, nos soci\u00e9t\u00e9s affili\u00e9es de confiance et nos annonceurs aux fins d\u00e9crites ci-dessus. <\/p>\n<p><strong>SITES WEB DE TIERS<\/strong><br>Les utilisateurs peuvent trouver de la publicit\u00e9 ou d\u2019autres contenus sur notre Site qui renvoient aux sites et services de nos partenaires, fournisseurs, annonceurs, commanditaires, conc\u00e9dants de licence et autres tiers. Nous ne contr\u00f4lons pas le contenu ou les liens qui apparaissent sur ces sites et ne sommes pas responsables des pratiques employ\u00e9es par les sites web li\u00e9s \u00e0 notre Site ou \u00e0 partir de celui-ci. De plus, ces sites ou services, y compris leur contenu et leurs liens, peuvent changer constamment. Ces sites et services peuvent avoir leurs propres politiques de confidentialit\u00e9 et politiques de service \u00e0 la client\u00e8le. La navigation et l\u2019interaction sur tout autre site web, y compris les sites web qui ont un lien vers notre Site, sont assujetties aux propres conditions et politiques de ce site web.    <\/p>\n<p><strong>COMMENTAIRES<\/strong><br>Lorsque les visiteurs laissent des commentaires sur le site, nous recueillons les donn\u00e9es indiqu\u00e9es dans le formulaire de commentaires, ainsi que l\u2019adresse IP du visiteur et la cha\u00eene de l\u2019agent utilisateur du navigateur pour faciliter la d\u00e9tection des pourriels.<\/p>\n<p>Une cha\u00eene anonymis\u00e9e cr\u00e9\u00e9e \u00e0 partir de votre adresse courriel (\u00e9galement appel\u00e9e hachage) peut \u00eatre fournie au service Gravatar pour v\u00e9rifier si vous l\u2019utilisez. La politique de confidentialit\u00e9 du service Gravatar est disponible ici : https:\/\/automattic.com\/privacy\/. Apr\u00e8s approbation de votre commentaire, votre photo de profil est visible au public dans le contexte de votre commentaire. <\/p>\n<p><strong>M\u00c9DIAS<\/strong><br>Si vous t\u00e9l\u00e9versez des images sur le site web, vous devez \u00e9viter de t\u00e9l\u00e9verser des images contenant des donn\u00e9es de localisation int\u00e9gr\u00e9es (EXIF GPS). Les visiteurs du site web peuvent t\u00e9l\u00e9charger et extraire toutes les donn\u00e9es de localisation des images sur le site web. <\/p>\n<p><b>CONTENU INT\u00c9GR\u00c9 PROVENANT D\u2019AUTRES SITES<br><\/b>Les articles sur ce site peuvent comprendre du contenu int\u00e9gr\u00e9 (p.&nbsp;ex. des vid\u00e9os, des images, des articles, etc.). Le contenu int\u00e9gr\u00e9 provenant d\u2019autres sites web se comporte exactement de la m\u00eame mani\u00e8re que si le visiteur avait visit\u00e9 l\u2019autre site web. <\/p>\n<p>Ces sites web peuvent recueillir des donn\u00e9es \u00e0 votre sujet, utiliser des t\u00e9moins, int\u00e9grer un suivi suppl\u00e9mentaire de tiers et surveiller votre interaction avec ce contenu int\u00e9gr\u00e9, notamment en suivant votre interaction avec le contenu int\u00e9gr\u00e9 si vous avez un compte et que vous \u00eates connect\u00e9 \u00e0 ce site web.<\/p>\n<p><strong>COMBIEN DE TEMPS CONSERVONS-NOUS VOS DONN\u00c9ES<\/strong><br>Si vous laissez un commentaire, le commentaire et ses m\u00e9tadonn\u00e9es sont conserv\u00e9s ind\u00e9finiment. C\u2019est ainsi que nous pouvons reconna\u00eetre et approuver automatiquement tous les commentaires de suivi au lieu de les retenir dans une file d\u2019attente de mod\u00e9ration. <\/p>\n<p><strong>QUELS DROITS AVEZ-VOUS SUR VOS DONN\u00c9ES<\/strong><br>Si vous avez un compte sur ce site ou si vous avez laiss\u00e9 des commentaires, vous pouvez demander \u00e0 recevoir un fichier export\u00e9 des donn\u00e9es personnelles que nous d\u00e9tenons \u00e0 votre sujet, y compris toutes les donn\u00e9es que vous nous avez fournies. Vous pouvez \u00e9galement demander que nous effacions toutes les donn\u00e9es personnelles que nous d\u00e9tenons \u00e0 votre sujet. Cela ne comprend pas les donn\u00e9es que nous sommes oblig\u00e9s de conserver \u00e0 des fins administratives, juridiques ou de s\u00e9curit\u00e9.  <\/p>\n<p><b>O\u00d9 VOS DONN\u00c9ES SONT-ELLES ENVOY\u00c9ES<br><\/b>Les commentaires des visiteurs peuvent \u00eatre v\u00e9rifi\u00e9s par le biais d\u2019un service automatis\u00e9 de d\u00e9tection des pourriels.<\/p>\n<p><strong>MODIFICATIONS \u00c0 LA PR\u00c9SENTE POLITIQUE DE CONFIDENTIALIT\u00c9<\/strong><br>DigitechPaiements a le pouvoir discr\u00e9tionnaire de mettre \u00e0 jour cette politique de confidentialit\u00e9 \u00e0 tout moment. Lorsque nous le ferons, nous r\u00e9viserons la date de mise \u00e0 jour au bas de cette page. Nous encourageons les Utilisateurs \u00e0 consulter fr\u00e9quemment cette page pour prendre connaissance de tout changement afin de rester inform\u00e9s de la fa\u00e7on dont nous aidons \u00e0 prot\u00e9ger les renseignements personnels que nous recueillons. Vous reconnaissez et acceptez qu\u2019il est de votre responsabilit\u00e9 de revoir cette politique de confidentialit\u00e9 p\u00e9riodiquement et de prendre connaissance des modifications.   <\/p>\n<p><strong>VOTRE ACCEPTATION DE CES CONDITIONS<\/strong><br>En utilisant ce Site, vous signifiez votre acceptation de cette politique. Si vous n\u2019acceptez pas cette politique, veuillez ne pas utiliser notre Site. Votre utilisation continue du Site suivant l\u2019affichage des modifications \u00e0 cette politique sera consid\u00e9r\u00e9e comme votre acceptation de ces modifications.  <\/p>\t\t\t\t\t\t\t\t<\/div>\n\t\t\t\t\t<\/div>\n\t\t\t\t<\/div>\n\t\t\t\t<\/div>\n\t\t","protected":false},"excerpt":{"rendered":"<p>DigitechPaiements Politique de confidentialit\u00e9 QUI SOMMES-NOUS L\u2019adresse de notre site web est https:\/\/digitechpayments.com. POLITIQUE DE CONFIDENTIALIT\u00c9 La pr\u00e9sente politique de confidentialit\u00e9 r\u00e9git la mani\u00e8re dont le site web recueille, utilise, conserve et divulgue les informations recueillies aupr\u00e8s des utilisateurs (chacun \u00e9tant un \u00ab Utilisateur \u00bb) du site web (le \u00ab Site \u00bb). Cette politique de [&hellip;]<\/p>\n","protected":false},"author":1,"featured_media":0,"parent":0,"menu_order":0,"comment_status":"closed","ping_status":"open","template":"","meta":{"footnotes":""},"class_list":["post-2913","page","type-page","status-publish","hentry"],"_links":{"self":[{"href":"https:\/\/digitechpayments.com\/fr\/wp-json\/wp\/v2\/pages\/2913","targetHints":{"allow":["GET"]}}],"collection":[{"href":"https:\/\/digitechpayments.com\/fr\/wp-json\/wp\/v2\/pages"}],"about":[{"href":"https:\/\/digitechpayments.com\/fr\/wp-json\/wp\/v2\/types\/page"}],"author":[{"embeddable":true,"href":"https:\/\/digitechpayments.com\/fr\/wp-json\/wp\/v2\/users\/1"}],"replies":[{"embeddable":true,"href":"https:\/\/digitechpayments.com\/fr\/wp-json\/wp\/v2\/comments?post=2913"}],"version-history":[{"count":8,"href":"https:\/\/digitechpayments.com\/fr\/wp-json\/wp\/v2\/pages\/2913\/revisions"}],"predecessor-version":[{"id":13607,"href":"https:\/\/digitechpayments.com\/fr\/wp-json\/wp\/v2\/pages\/2913\/revisions\/13607"}],"wp:attachment":[{"href":"https:\/\/digitechpayments.com\/fr\/wp-json\/wp\/v2\/media?parent=2913"}],"curies":[{"name":"wp","href":"https:\/\/api.w.org\/{rel}","templated":true}]}}