{"id":2892,"date":"2026-01-02T05:46:09","date_gmt":"2026-01-02T05:46:09","guid":{"rendered":"https:\/\/digitechpayments.com\/partenaires\/"},"modified":"2026-01-28T04:36:37","modified_gmt":"2026-01-28T04:36:37","slug":"partenaires","status":"publish","type":"page","link":"https:\/\/digitechpayments.com\/fr\/partenaires\/","title":{"rendered":"Partenaires"},"content":{"rendered":"\t\t<div data-elementor-type=\"wp-page\" data-elementor-id=\"2892\" class=\"elementor elementor-2892 elementor-54\" data-elementor-post-type=\"page\">\n\t\t\t\t<div class=\"elementor-element elementor-element-91b2ae2 inner_page_header_wrapper e-flex e-con-boxed e-con e-parent\" data-id=\"91b2ae2\" data-element_type=\"container\" data-e-type=\"container\">\n\t\t\t\t\t<div class=\"e-con-inner\">\n\t\t<div class=\"elementor-element elementor-element-578404f e-con-full e-flex e-con e-child\" data-id=\"578404f\" data-element_type=\"container\" data-e-type=\"container\">\n\t\t\t\t<div class=\"elementor-element elementor-element-7077576 elementor-widget__width-auto elementor-invisible elementor-widget elementor-widget-heading\" data-id=\"7077576\" data-element_type=\"widget\" data-e-type=\"widget\" data-settings=\"{&quot;_animation&quot;:&quot;fadeInUp&quot;}\" data-widget_type=\"heading.default\">\n\t\t\t\t\t<div class=\"elementor-heading-title elementor-size-default\">DigitechPaiements<\/div>\t\t\t\t<\/div>\n\t\t\t\t<div class=\"elementor-element elementor-element-57ba02e page_title elementor-invisible elementor-widget elementor-widget-heading\" data-id=\"57ba02e\" data-element_type=\"widget\" data-e-type=\"widget\" data-settings=\"{&quot;_animation&quot;:&quot;fadeInUp&quot;,&quot;_animation_delay&quot;:100}\" data-widget_type=\"heading.default\">\n\t\t\t\t\t<h1 class=\"elementor-heading-title elementor-size-default\">Partenaires<\/h1>\t\t\t\t<\/div>\n\t\t\t\t<\/div>\n\t\t<div class=\"elementor-element elementor-element-ca6e85d e-con-full e-flex e-con e-child\" data-id=\"ca6e85d\" data-element_type=\"container\" data-e-type=\"container\">\n\t\t\t\t<div class=\"elementor-element elementor-element-cc7420a elementor-invisible elementor-widget elementor-widget-text-editor\" data-id=\"cc7420a\" data-element_type=\"widget\" data-e-type=\"widget\" data-settings=\"{&quot;_animation&quot;:&quot;fadeInUp&quot;,&quot;_animation_delay&quot;:200}\" data-widget_type=\"text-editor.default\">\n\t\t\t\t\t\t\t\t\t<p>Afin de vous offrir les meilleurs tarifs et services, nous travaillons directement avec les meilleures banques et les meilleurs fournisseurs de services de paiement du secteur. Les relations que nous avons cultiv\u00e9es signifient que votre entreprise peut traiter les paiements avec une fiabilit\u00e9, une s\u00e9curit\u00e9 et une transparence in\u00e9gal\u00e9es. <\/p>\t\t\t\t\t\t\t\t<\/div>\n\t\t\t\t<\/div>\n\t\t\t\t\t<\/div>\n\t\t\t\t<\/div>\n\t\t<div class=\"elementor-element elementor-element-7dd280c e-con-full e-flex e-con e-parent\" data-id=\"7dd280c\" data-element_type=\"container\" data-e-type=\"container\">\n\t\t\t\t<div class=\"elementor-element elementor-element-47b7846 partner_logo_col  auto_scroll_logos elementor-invisible elementor-widget elementor-widget-image-carousel\" data-id=\"47b7846\" data-element_type=\"widget\" data-e-type=\"widget\" data-settings=\"{&quot;slides_to_show&quot;:&quot;6&quot;,&quot;navigation&quot;:&quot;none&quot;,&quot;autoplay_speed&quot;:0,&quot;speed&quot;:7000,&quot;image_spacing_custom&quot;:{&quot;unit&quot;:&quot;px&quot;,&quot;size&quot;:35,&quot;sizes&quot;:[]},&quot;slides_to_show_tablet&quot;:&quot;3&quot;,&quot;slides_to_show_mobile&quot;:&quot;2&quot;,&quot;image_spacing_custom_tablet&quot;:{&quot;unit&quot;:&quot;px&quot;,&quot;size&quot;:15,&quot;sizes&quot;:[]},&quot;_animation&quot;:&quot;fadeInUp&quot;,&quot;autoplay&quot;:&quot;yes&quot;,&quot;infinite&quot;:&quot;yes&quot;,&quot;image_spacing_custom_laptop&quot;:{&quot;unit&quot;:&quot;px&quot;,&quot;size&quot;:&quot;&quot;,&quot;sizes&quot;:[]},&quot;image_spacing_custom_mobile&quot;:{&quot;unit&quot;:&quot;px&quot;,&quot;size&quot;:&quot;&quot;,&quot;sizes&quot;:[]}}\" data-widget_type=\"image-carousel.default\">\n\t\t\t\t\t\t\t<div class=\"elementor-image-carousel-wrapper swiper\" role=\"region\" aria-roledescription=\"carousel\" aria-label=\"Image Carousel\" dir=\"ltr\">\n\t\t\t<div class=\"elementor-image-carousel swiper-wrapper\" aria-live=\"off\">\n\t\t\t\t\t\t\t\t<div class=\"swiper-slide\" role=\"group\" aria-roledescription=\"slide\" aria-label=\"1 sur 6\"><figure class=\"swiper-slide-inner\"><img decoding=\"async\" class=\"swiper-slide-image\" src=\"https:\/\/digitechpayments.com\/wp-content\/uploads\/2025\/12\/logo-authorize.png\" alt=\"Autoriser\" \/><\/figure><\/div><div class=\"swiper-slide\" role=\"group\" aria-roledescription=\"slide\" aria-label=\"2 sur 6\"><figure class=\"swiper-slide-inner\"><img decoding=\"async\" class=\"swiper-slide-image\" src=\"https:\/\/digitechpayments.com\/wp-content\/uploads\/2025\/12\/logo-first-data.png\" alt=\"First Data\" \/><\/figure><\/div><div class=\"swiper-slide\" role=\"group\" aria-roledescription=\"slide\" aria-label=\"3 sur 6\"><figure class=\"swiper-slide-inner\"><img decoding=\"async\" class=\"swiper-slide-image\" src=\"https:\/\/digitechpayments.com\/wp-content\/uploads\/2025\/12\/logo-shopify.png\" alt=\"Shopify\" \/><\/figure><\/div><div class=\"swiper-slide\" role=\"group\" aria-roledescription=\"slide\" aria-label=\"4 sur 6\"><figure class=\"swiper-slide-inner\"><img decoding=\"async\" class=\"swiper-slide-image\" src=\"https:\/\/digitechpayments.com\/wp-content\/uploads\/2025\/12\/logo-givex.png\" alt=\"Givex\" \/><\/figure><\/div><div class=\"swiper-slide\" role=\"group\" aria-roledescription=\"slide\" aria-label=\"5 sur 6\"><figure class=\"swiper-slide-inner\"><img decoding=\"async\" class=\"swiper-slide-image\" src=\"https:\/\/digitechpayments.com\/wp-content\/uploads\/2025\/12\/logo-bambora.png\" alt=\"Bambora\" \/><\/figure><\/div><div class=\"swiper-slide\" role=\"group\" aria-roledescription=\"slide\" aria-label=\"6 sur 6\"><figure class=\"swiper-slide-inner\"><img decoding=\"async\" class=\"swiper-slide-image\" src=\"https:\/\/digitechpayments.com\/wp-content\/uploads\/2025\/12\/logo-elavon.png\" alt=\"Elavon\" \/><\/figure><\/div>\t\t\t<\/div>\n\t\t\t\t\t\t\t\n\t\t\t\t\t\t\t\t\t<\/div>\n\t\t\t\t\t\t<\/div>\n\t\t\t\t<div class=\"elementor-element elementor-element-a677182 partner_logo_col  auto_scroll_logos elementor-invisible elementor-widget elementor-widget-image-carousel\" data-id=\"a677182\" data-element_type=\"widget\" data-e-type=\"widget\" data-settings=\"{&quot;slides_to_show&quot;:&quot;6&quot;,&quot;navigation&quot;:&quot;none&quot;,&quot;autoplay_speed&quot;:0,&quot;speed&quot;:7000,&quot;image_spacing_custom&quot;:{&quot;unit&quot;:&quot;px&quot;,&quot;size&quot;:35,&quot;sizes&quot;:[]},&quot;slides_to_show_tablet&quot;:&quot;3&quot;,&quot;slides_to_show_mobile&quot;:&quot;2&quot;,&quot;image_spacing_custom_tablet&quot;:{&quot;unit&quot;:&quot;px&quot;,&quot;size&quot;:15,&quot;sizes&quot;:[]},&quot;_animation&quot;:&quot;fadeInUp&quot;,&quot;_animation_delay&quot;:100,&quot;autoplay&quot;:&quot;yes&quot;,&quot;infinite&quot;:&quot;yes&quot;,&quot;image_spacing_custom_laptop&quot;:{&quot;unit&quot;:&quot;px&quot;,&quot;size&quot;:&quot;&quot;,&quot;sizes&quot;:[]},&quot;image_spacing_custom_mobile&quot;:{&quot;unit&quot;:&quot;px&quot;,&quot;size&quot;:&quot;&quot;,&quot;sizes&quot;:[]}}\" data-widget_type=\"image-carousel.default\">\n\t\t\t\t\t\t\t<div class=\"elementor-image-carousel-wrapper swiper\" role=\"region\" aria-roledescription=\"carousel\" aria-label=\"Image Carousel\" dir=\"rtl\">\n\t\t\t<div class=\"elementor-image-carousel swiper-wrapper\" aria-live=\"off\">\n\t\t\t\t\t\t\t\t<div class=\"swiper-slide\" role=\"group\" aria-roledescription=\"slide\" aria-label=\"1 sur 6\"><figure class=\"swiper-slide-inner\"><img decoding=\"async\" class=\"swiper-slide-image\" src=\"https:\/\/digitechpayments.com\/wp-content\/uploads\/2025\/12\/logo-authorize.png\" alt=\"Autoriser\" \/><\/figure><\/div><div class=\"swiper-slide\" role=\"group\" aria-roledescription=\"slide\" aria-label=\"2 sur 6\"><figure class=\"swiper-slide-inner\"><img decoding=\"async\" class=\"swiper-slide-image\" src=\"https:\/\/digitechpayments.com\/wp-content\/uploads\/2025\/12\/logo-first-data.png\" alt=\"First Data\" \/><\/figure><\/div><div class=\"swiper-slide\" role=\"group\" aria-roledescription=\"slide\" aria-label=\"3 sur 6\"><figure class=\"swiper-slide-inner\"><img decoding=\"async\" class=\"swiper-slide-image\" src=\"https:\/\/digitechpayments.com\/wp-content\/uploads\/2025\/12\/logo-shopify.png\" alt=\"Shopify\" \/><\/figure><\/div><div class=\"swiper-slide\" role=\"group\" aria-roledescription=\"slide\" aria-label=\"4 sur 6\"><figure class=\"swiper-slide-inner\"><img decoding=\"async\" class=\"swiper-slide-image\" src=\"https:\/\/digitechpayments.com\/wp-content\/uploads\/2025\/12\/logo-givex.png\" alt=\"Givex\" \/><\/figure><\/div><div class=\"swiper-slide\" role=\"group\" aria-roledescription=\"slide\" aria-label=\"5 sur 6\"><figure class=\"swiper-slide-inner\"><img decoding=\"async\" class=\"swiper-slide-image\" src=\"https:\/\/digitechpayments.com\/wp-content\/uploads\/2025\/12\/logo-bambora.png\" alt=\"Bambora\" \/><\/figure><\/div><div class=\"swiper-slide\" role=\"group\" aria-roledescription=\"slide\" aria-label=\"6 sur 6\"><figure class=\"swiper-slide-inner\"><img decoding=\"async\" class=\"swiper-slide-image\" src=\"https:\/\/digitechpayments.com\/wp-content\/uploads\/2025\/12\/logo-elavon.png\" alt=\"Elavon\" \/><\/figure><\/div>\t\t\t<\/div>\n\t\t\t\t\t\t\t\n\t\t\t\t\t\t\t\t\t<\/div>\n\t\t\t\t\t\t<\/div>\n\t\t\t\t<div class=\"elementor-element elementor-element-7c7182f elementor-absolute elementor-hidden-tablet elementor-hidden-mobile elementor-widget elementor-widget-image\" data-id=\"7c7182f\" data-element_type=\"widget\" data-e-type=\"widget\" data-settings=\"{&quot;_position&quot;:&quot;absolute&quot;}\" data-widget_type=\"image.default\">\n\t\t\t\t\t\t\t\t\t\t\t\t\t\t\t<img fetchpriority=\"high\" decoding=\"async\" width=\"807\" height=\"385\" src=\"https:\/\/digitechpayments.com\/wp-content\/uploads\/2025\/12\/shadow7.png\" class=\"attachment-full size-full wp-image-2893\" alt=\"\" srcset=\"https:\/\/digitechpayments.com\/wp-content\/uploads\/2025\/12\/shadow7.png 807w, https:\/\/digitechpayments.com\/wp-content\/uploads\/2025\/12\/shadow7-300x143.png 300w, https:\/\/digitechpayments.com\/wp-content\/uploads\/2025\/12\/shadow7-768x366.png 768w\" sizes=\"(max-width: 807px) 100vw, 807px\" \/>\t\t\t\t\t\t\t\t\t\t\t\t\t\t\t<\/div>\n\t\t\t\t<div class=\"elementor-element elementor-element-0925aba elementor-absolute elementor-hidden-tablet elementor-hidden-mobile elementor-widget elementor-widget-image\" data-id=\"0925aba\" data-element_type=\"widget\" data-e-type=\"widget\" data-settings=\"{&quot;_position&quot;:&quot;absolute&quot;}\" data-widget_type=\"image.default\">\n\t\t\t\t\t\t\t\t\t\t\t\t\t\t\t<img decoding=\"async\" width=\"860\" height=\"290\" src=\"https:\/\/digitechpayments.com\/wp-content\/uploads\/2025\/12\/shadow8.png\" class=\"attachment-full size-full wp-image-2895\" alt=\"\" srcset=\"https:\/\/digitechpayments.com\/wp-content\/uploads\/2025\/12\/shadow8.png 860w, https:\/\/digitechpayments.com\/wp-content\/uploads\/2025\/12\/shadow8-300x101.png 300w, https:\/\/digitechpayments.com\/wp-content\/uploads\/2025\/12\/shadow8-768x259.png 768w\" sizes=\"(max-width: 860px) 100vw, 860px\" \/>\t\t\t\t\t\t\t\t\t\t\t\t\t\t\t<\/div>\n\t\t\t\t<\/div>\n\t\t<div class=\"elementor-element elementor-element-8407cc8 e-flex e-con-boxed e-con e-parent\" data-id=\"8407cc8\" data-element_type=\"container\" data-e-type=\"container\" data-settings=\"{&quot;background_background&quot;:&quot;classic&quot;}\">\n\t\t\t\t\t<div class=\"e-con-inner\">\n\t\t\t\t<div class=\"elementor-element elementor-element-f8835d0 elementor-invisible elementor-widget elementor-widget-heading\" data-id=\"f8835d0\" data-element_type=\"widget\" data-e-type=\"widget\" data-settings=\"{&quot;_animation&quot;:&quot;fadeInUp&quot;}\" data-widget_type=\"heading.default\">\n\t\t\t\t\t<h2 class=\"elementor-heading-title elementor-size-default\">Travaillez avec nous<\/h2>\t\t\t\t<\/div>\n\t\t\t\t<div class=\"elementor-element elementor-element-616850a elementor-widget__width-initial elementor-invisible elementor-widget elementor-widget-text-editor\" data-id=\"616850a\" data-element_type=\"widget\" data-e-type=\"widget\" data-settings=\"{&quot;_animation&quot;:&quot;fadeInUp&quot;}\" data-widget_type=\"text-editor.default\">\n\t\t\t\t\t\t\t\t\t<p>Lorsque vous vous associez \u00e0 DigitechPaiements, nous partageons notre expertise, nos relations, notre infrastructure de paiement et notre r\u00e9seau de soutien. Apprenez-en davantage sur la fa\u00e7on dont nous pouvons apporter une valeur ajout\u00e9e \u00e0 votre entreprise gr\u00e2ce aux opportunit\u00e9s, aux revenus, \u00e0 la technologie et aux recommandations. <\/p>\t\t\t\t\t\t\t\t<\/div>\n\t\t<div class=\"elementor-element elementor-element-4e360c8 e-con-full e-flex e-con e-child\" data-id=\"4e360c8\" data-element_type=\"container\" data-e-type=\"container\">\n\t\t\t\t<div class=\"elementor-element elementor-element-01c49ba animated_accodion elementor-invisible elementor-widget elementor-widget-n-accordion\" data-id=\"01c49ba\" data-element_type=\"widget\" data-e-type=\"widget\" data-settings=\"{&quot;n_accordion_animation_duration&quot;:{&quot;unit&quot;:&quot;ms&quot;,&quot;size&quot;:500,&quot;sizes&quot;:[]},&quot;_animation&quot;:&quot;fadeInUp&quot;,&quot;default_state&quot;:&quot;expanded&quot;,&quot;max_items_expended&quot;:&quot;one&quot;}\" data-widget_type=\"nested-accordion.default\">\n\t\t\t\t\t\t\t<div class=\"e-n-accordion\" aria-label=\"Accordion. Open links with Enter or Space, close with Escape, and navigate with Arrow Keys\">\n\t\t\t\t\t\t<details id=\"e-n-accordion-item-1850\" class=\"e-n-accordion-item\" open>\n\t\t\t\t<summary class=\"e-n-accordion-item-title\" data-accordion-index=\"1\" tabindex=\"0\" aria-expanded=\"true\" aria-controls=\"e-n-accordion-item-1850\" >\n\t\t\t\t\t<span class='e-n-accordion-item-title-header'><div class=\"e-n-accordion-item-title-text\"> Agents ISO <\/div><\/span>\n\t\t\t\t\t\t\t<span class='e-n-accordion-item-title-icon'>\n\t\t\t<span class='e-opened' ><svg aria-hidden=\"true\" class=\"e-font-icon-svg e-fas-square-full\" viewBox=\"0 0 512 512\" xmlns=\"http:\/\/www.w3.org\/2000\/svg\"><path d=\"M512 512H0V0h512v512z\"><\/path><\/svg><\/span>\n\t\t\t<span class='e-closed'><svg aria-hidden=\"true\" class=\"e-font-icon-svg e-fas-square-full\" viewBox=\"0 0 512 512\" xmlns=\"http:\/\/www.w3.org\/2000\/svg\"><path d=\"M512 512H0V0h512v512z\"><\/path><\/svg><\/span>\n\t\t<\/span>\n\n\t\t\t\t\t\t<\/summary>\n\t\t\t\t<div role=\"region\" aria-labelledby=\"e-n-accordion-item-1850\" class=\"elementor-element elementor-element-f37ff97 e-con-full e-flex e-con e-child\" data-id=\"f37ff97\" data-element_type=\"container\" data-e-type=\"container\">\n\t\t\t\t<div class=\"elementor-element elementor-element-b987706 elementor-absolute d-animated_img elementor-widget elementor-widget-image\" data-id=\"b987706\" data-element_type=\"widget\" data-e-type=\"widget\" data-settings=\"{&quot;_position&quot;:&quot;absolute&quot;}\" data-widget_type=\"image.default\">\n\t\t\t\t\t\t\t\t\t\t\t\t\t\t\t<img decoding=\"async\" width=\"560\" height=\"515\" src=\"https:\/\/digitechpayments.com\/wp-content\/uploads\/2025\/12\/iso-agents.jpg\" class=\"attachment-full size-full wp-image-2902\" alt=\"Agents ISO\" srcset=\"https:\/\/digitechpayments.com\/wp-content\/uploads\/2025\/12\/iso-agents.jpg 560w, https:\/\/digitechpayments.com\/wp-content\/uploads\/2025\/12\/iso-agents-300x276.jpg 300w\" sizes=\"(max-width: 560px) 100vw, 560px\" \/>\t\t\t\t\t\t\t\t\t\t\t\t\t\t\t<\/div>\n\t\t<div role=\"region\" aria-labelledby=\"e-n-accordion-item-1850\" class=\"elementor-element elementor-element-c392d41 e-con-full e-flex e-con e-child\" data-id=\"c392d41\" data-element_type=\"container\" data-e-type=\"container\">\n\t\t\t\t<div class=\"elementor-element elementor-element-b750308 elementor-widget elementor-widget-text-editor\" data-id=\"b750308\" data-element_type=\"widget\" data-e-type=\"widget\" data-widget_type=\"text-editor.default\">\n\t\t\t\t\t\t\t\t\t<p>Nous fournissons la plateforme. Vous fournissez les ventes. <\/p><p>Un partenariat avec nous est une excellente occasion de maximiser vos revenus en offrant \u00e0 vos clients notre ensemble concurrentiel de services et de technologies. Nous avons des \u00e9quipes de gestion, de marketing et de service \u00e0 la client\u00e8le sp\u00e9cialement d\u00e9di\u00e9es aux ISO qui vous apporteront le soutien dont vous avez besoin pour vous concentrer sur la croissance et la sensibilisation. Laissez notre expertise vous aider \u00e0 atteindre vos objectifs.  <\/p><ul class=\"list-padding\"><li>Offrez aux marchands une solution tout-en-un comprenant des syst\u00e8mes de point de vente, le traitement des cartes de cr\u00e9dit et de d\u00e9bit, le paiement mobile, le commerce \u00e9lectronique, les passerelles de paiement, les cartes-cadeaux, et plus encore<\/li><li>Technologie de nouvelle g\u00e9n\u00e9ration<\/li><li>Tarifs concurrentiels sur le traitement des paiements<\/li><li>Service et soutien \u00e0 la client\u00e8le de premier ordre<\/li><\/ul>\t\t\t\t\t\t\t\t<\/div>\n\t\t\t\t<\/div>\n\t\t\t\t<\/div>\n\t\t\t\t\t<\/details>\n\t\t\t\t\t\t<details id=\"e-n-accordion-item-1851\" class=\"e-n-accordion-item\" >\n\t\t\t\t<summary class=\"e-n-accordion-item-title\" data-accordion-index=\"2\" tabindex=\"-1\" aria-expanded=\"false\" aria-controls=\"e-n-accordion-item-1851\" >\n\t\t\t\t\t<span class='e-n-accordion-item-title-header'><div class=\"e-n-accordion-item-title-text\"> Technologie <\/div><\/span>\n\t\t\t\t\t\t\t<span class='e-n-accordion-item-title-icon'>\n\t\t\t<span class='e-opened' ><svg aria-hidden=\"true\" class=\"e-font-icon-svg e-fas-square-full\" viewBox=\"0 0 512 512\" xmlns=\"http:\/\/www.w3.org\/2000\/svg\"><path d=\"M512 512H0V0h512v512z\"><\/path><\/svg><\/span>\n\t\t\t<span class='e-closed'><svg aria-hidden=\"true\" class=\"e-font-icon-svg e-fas-square-full\" viewBox=\"0 0 512 512\" xmlns=\"http:\/\/www.w3.org\/2000\/svg\"><path d=\"M512 512H0V0h512v512z\"><\/path><\/svg><\/span>\n\t\t<\/span>\n\n\t\t\t\t\t\t<\/summary>\n\t\t\t\t<div role=\"region\" aria-labelledby=\"e-n-accordion-item-1851\" class=\"elementor-element elementor-element-50909d4 e-con-full e-flex e-con e-child\" data-id=\"50909d4\" data-element_type=\"container\" data-e-type=\"container\">\n\t\t\t\t<div class=\"elementor-element elementor-element-ce828d4 elementor-absolute d-animated_img elementor-widget elementor-widget-image\" data-id=\"ce828d4\" data-element_type=\"widget\" data-e-type=\"widget\" data-settings=\"{&quot;_position&quot;:&quot;absolute&quot;}\" data-widget_type=\"image.default\">\n\t\t\t\t\t\t\t\t\t\t\t\t\t\t\t<img loading=\"lazy\" decoding=\"async\" width=\"560\" height=\"515\" src=\"https:\/\/digitechpayments.com\/wp-content\/uploads\/2025\/12\/technology.jpg\" class=\"attachment-full size-full wp-image-2903\" alt=\"Technologie\" srcset=\"https:\/\/digitechpayments.com\/wp-content\/uploads\/2025\/12\/technology.jpg 560w, https:\/\/digitechpayments.com\/wp-content\/uploads\/2025\/12\/technology-300x276.jpg 300w\" sizes=\"(max-width: 560px) 100vw, 560px\" \/>\t\t\t\t\t\t\t\t\t\t\t\t\t\t\t<\/div>\n\t\t<div role=\"region\" aria-labelledby=\"e-n-accordion-item-1851\" class=\"elementor-element elementor-element-02379e7 e-con-full e-flex e-con e-child\" data-id=\"02379e7\" data-element_type=\"container\" data-e-type=\"container\">\n\t\t\t\t<div class=\"elementor-element elementor-element-d5dfc54 elementor-widget elementor-widget-text-editor\" data-id=\"d5dfc54\" data-element_type=\"widget\" data-e-type=\"widget\" data-widget_type=\"text-editor.default\">\n\t\t\t\t\t\t\t\t\t<p>\u00cates-vous un d\u00e9veloppeur de syst\u00e8mes de point de vente dot\u00e9 d\u2019une nouvelle technologie innovante ? Nous souhaitons vous aider \u00e0 la mettre entre les mains des commer\u00e7ants. En vous associant \u00e0 nous, vous \u00e9largirez votre port\u00e9e et vous vous assurerez que votre technologie est prise en charge par les banques et les processeurs de paiement. Consultez notre page D\u00e9veloppeurs pour plus d\u2019informations.   <\/p><ul class=\"list-padding\"><li>Augmentez votre client\u00e8le<\/li><li>Obtenez une v\u00e9rification par les fournisseurs de services de paiement<\/li><li>Offrez \u00e0 vos utilisateurs plus de flexibilit\u00e9 et d\u2019options de traitement des paiements<\/li><\/ul>\t\t\t\t\t\t\t\t<\/div>\n\t\t\t\t<\/div>\n\t\t\t\t<\/div>\n\t\t\t\t\t<\/details>\n\t\t\t\t\t\t<details id=\"e-n-accordion-item-1852\" class=\"e-n-accordion-item\" >\n\t\t\t\t<summary class=\"e-n-accordion-item-title\" data-accordion-index=\"3\" tabindex=\"-1\" aria-expanded=\"false\" aria-controls=\"e-n-accordion-item-1852\" >\n\t\t\t\t\t<span class='e-n-accordion-item-title-header'><div class=\"e-n-accordion-item-title-text\"> Franchises <\/div><\/span>\n\t\t\t\t\t\t\t<span class='e-n-accordion-item-title-icon'>\n\t\t\t<span class='e-opened' ><svg aria-hidden=\"true\" class=\"e-font-icon-svg e-fas-square-full\" viewBox=\"0 0 512 512\" xmlns=\"http:\/\/www.w3.org\/2000\/svg\"><path d=\"M512 512H0V0h512v512z\"><\/path><\/svg><\/span>\n\t\t\t<span class='e-closed'><svg aria-hidden=\"true\" class=\"e-font-icon-svg e-fas-square-full\" viewBox=\"0 0 512 512\" xmlns=\"http:\/\/www.w3.org\/2000\/svg\"><path d=\"M512 512H0V0h512v512z\"><\/path><\/svg><\/span>\n\t\t<\/span>\n\n\t\t\t\t\t\t<\/summary>\n\t\t\t\t<div role=\"region\" aria-labelledby=\"e-n-accordion-item-1852\" class=\"elementor-element elementor-element-eb64de9 e-con-full e-flex e-con e-child\" data-id=\"eb64de9\" data-element_type=\"container\" data-e-type=\"container\">\n\t\t\t\t<div class=\"elementor-element elementor-element-d7e42cb elementor-absolute d-animated_img elementor-widget elementor-widget-image\" data-id=\"d7e42cb\" data-element_type=\"widget\" data-e-type=\"widget\" data-settings=\"{&quot;_position&quot;:&quot;absolute&quot;}\" data-widget_type=\"image.default\">\n\t\t\t\t\t\t\t\t\t\t\t\t\t\t\t<img loading=\"lazy\" decoding=\"async\" width=\"560\" height=\"515\" src=\"https:\/\/digitechpayments.com\/wp-content\/uploads\/2025\/12\/franchises.jpg\" class=\"attachment-full size-full wp-image-2904\" alt=\"Franchises\" srcset=\"https:\/\/digitechpayments.com\/wp-content\/uploads\/2025\/12\/franchises.jpg 560w, https:\/\/digitechpayments.com\/wp-content\/uploads\/2025\/12\/franchises-300x276.jpg 300w\" sizes=\"(max-width: 560px) 100vw, 560px\" \/>\t\t\t\t\t\t\t\t\t\t\t\t\t\t\t<\/div>\n\t\t<div role=\"region\" aria-labelledby=\"e-n-accordion-item-1852\" class=\"elementor-element elementor-element-e88b84e e-con-full e-flex e-con e-child\" data-id=\"e88b84e\" data-element_type=\"container\" data-e-type=\"container\">\n\t\t\t\t<div class=\"elementor-element elementor-element-83cb124 elementor-widget elementor-widget-text-editor\" data-id=\"83cb124\" data-element_type=\"widget\" data-e-type=\"widget\" data-widget_type=\"text-editor.default\">\n\t\t\t\t\t\t\t\t\t<p>La gestion de nombreuses entreprises \u00e0 la fois signifie que vous avez besoin d\u2019un syst\u00e8me de paiement \u00e9volutif, fiable et facile \u00e0 configurer dans de nouveaux emplacements. L\u2019inscription \u00e0 DigitechPaiements est une solution unique. Nous nous occupons de tout votre \u00e9quipement de point de vente et du traitement des paiements en m\u00eame temps, et nous vous aidons \u00e0 trouver la bonne technologie pour votre entreprise en pleine croissance.  <\/p><ul class=\"list-padding\"><li>Achetez de l\u2019\u00e9quipement en gros pour tous vos magasins<\/li><li>Apportez facilement des syst\u00e8mes de point de vente normalis\u00e9s \u00e0 de nouveaux emplacements<\/li><li>R\u00e9seau de soutien pancanadien<\/li><li>\u00c9quipe de gestion des franchises d\u00e9di\u00e9e<\/li><li>Solutions personnalis\u00e9es pour vos besoins<\/li><\/ul>\t\t\t\t\t\t\t\t<\/div>\n\t\t\t\t<\/div>\n\t\t\t\t<\/div>\n\t\t\t\t\t<\/details>\n\t\t\t\t\t<\/div>\n\t\t\t\t\t\t<\/div>\n\t\t\t\t<\/div>\n\t\t\t\t<div class=\"elementor-element elementor-element-d67eead elementor-absolute elementor-widget elementor-widget-image\" data-id=\"d67eead\" data-element_type=\"widget\" data-e-type=\"widget\" data-settings=\"{&quot;_position&quot;:&quot;absolute&quot;}\" data-widget_type=\"image.default\">\n\t\t\t\t\t\t\t\t\t\t\t\t\t\t\t<img loading=\"lazy\" decoding=\"async\" width=\"456\" height=\"591\" src=\"https:\/\/digitechpayments.com\/wp-content\/uploads\/2025\/12\/design_img2.png\" class=\"attachment-full size-full wp-image-2844\" alt=\"\" srcset=\"https:\/\/digitechpayments.com\/wp-content\/uploads\/2025\/12\/design_img2.png 456w, https:\/\/digitechpayments.com\/wp-content\/uploads\/2025\/12\/design_img2-231x300.png 231w\" sizes=\"(max-width: 456px) 100vw, 456px\" \/>\t\t\t\t\t\t\t\t\t\t\t\t\t\t\t<\/div>\n\t\t\t\t\t<\/div>\n\t\t\t\t<\/div>\n\t\t\t\t<\/div>\n\t\t","protected":false},"excerpt":{"rendered":"<p>DigitechPaiements Partenaires Afin de vous offrir les meilleurs tarifs et services, nous travaillons directement avec les meilleures banques et les meilleurs fournisseurs de services de paiement du secteur. Les relations que nous avons cultiv\u00e9es signifient que votre entreprise peut traiter les paiements avec une fiabilit\u00e9, une s\u00e9curit\u00e9 et une transparence in\u00e9gal\u00e9es. Travaillez avec nous Lorsque [&hellip;]<\/p>\n","protected":false},"author":1,"featured_media":0,"parent":0,"menu_order":0,"comment_status":"closed","ping_status":"closed","template":"","meta":{"footnotes":""},"class_list":["post-2892","page","type-page","status-publish","hentry"],"_links":{"self":[{"href":"https:\/\/digitechpayments.com\/fr\/wp-json\/wp\/v2\/pages\/2892","targetHints":{"allow":["GET"]}}],"collection":[{"href":"https:\/\/digitechpayments.com\/fr\/wp-json\/wp\/v2\/pages"}],"about":[{"href":"https:\/\/digitechpayments.com\/fr\/wp-json\/wp\/v2\/types\/page"}],"author":[{"embeddable":true,"href":"https:\/\/digitechpayments.com\/fr\/wp-json\/wp\/v2\/users\/1"}],"replies":[{"embeddable":true,"href":"https:\/\/digitechpayments.com\/fr\/wp-json\/wp\/v2\/comments?post=2892"}],"version-history":[{"count":12,"href":"https:\/\/digitechpayments.com\/fr\/wp-json\/wp\/v2\/pages\/2892\/revisions"}],"predecessor-version":[{"id":13676,"href":"https:\/\/digitechpayments.com\/fr\/wp-json\/wp\/v2\/pages\/2892\/revisions\/13676"}],"wp:attachment":[{"href":"https:\/\/digitechpayments.com\/fr\/wp-json\/wp\/v2\/media?parent=2892"}],"curies":[{"name":"wp","href":"https:\/\/api.w.org\/{rel}","templated":true}]}}