{"id":2887,"date":"2026-01-02T05:46:08","date_gmt":"2026-01-02T05:46:08","guid":{"rendered":"https:\/\/digitechpayments.com\/tarification\/"},"modified":"2026-01-28T04:37:51","modified_gmt":"2026-01-28T04:37:51","slug":"tarification","status":"publish","type":"page","link":"https:\/\/digitechpayments.com\/fr\/tarification\/","title":{"rendered":"Tarification"},"content":{"rendered":"\t\t<div data-elementor-type=\"wp-page\" data-elementor-id=\"2887\" class=\"elementor elementor-2887 elementor-52\" data-elementor-post-type=\"page\">\n\t\t\t\t<div class=\"elementor-element elementor-element-abdeb72 inner_page_header_wrapper e-flex e-con-boxed e-con e-parent\" data-id=\"abdeb72\" data-element_type=\"container\" data-e-type=\"container\">\n\t\t\t\t\t<div class=\"e-con-inner\">\n\t\t<div class=\"elementor-element elementor-element-db667ea e-con-full e-flex e-con e-child\" data-id=\"db667ea\" data-element_type=\"container\" data-e-type=\"container\">\n\t\t\t\t<div class=\"elementor-element elementor-element-0434c8e elementor-widget__width-auto elementor-invisible elementor-widget elementor-widget-heading\" data-id=\"0434c8e\" data-element_type=\"widget\" data-e-type=\"widget\" data-settings=\"{&quot;_animation&quot;:&quot;fadeInUp&quot;}\" data-widget_type=\"heading.default\">\n\t\t\t\t\t<div class=\"elementor-heading-title elementor-size-default\">DigitechPaiements<\/div>\t\t\t\t<\/div>\n\t\t\t\t<div class=\"elementor-element elementor-element-3c57ffc page_title elementor-invisible elementor-widget elementor-widget-heading\" data-id=\"3c57ffc\" data-element_type=\"widget\" data-e-type=\"widget\" data-settings=\"{&quot;_animation&quot;:&quot;fadeInUp&quot;,&quot;_animation_delay&quot;:100}\" data-widget_type=\"heading.default\">\n\t\t\t\t\t<h1 class=\"elementor-heading-title elementor-size-default\">Tarification<\/h1>\t\t\t\t<\/div>\n\t\t\t\t<\/div>\n\t\t<div class=\"elementor-element elementor-element-ecf3cfa e-con-full e-flex e-con e-child\" data-id=\"ecf3cfa\" data-element_type=\"container\" data-e-type=\"container\">\n\t\t\t\t<div class=\"elementor-element elementor-element-a23b15f elementor-invisible elementor-widget elementor-widget-heading\" data-id=\"a23b15f\" data-element_type=\"widget\" data-e-type=\"widget\" data-settings=\"{&quot;_animation&quot;:&quot;fadeInUp&quot;,&quot;_animation_delay&quot;:200}\" data-widget_type=\"heading.default\">\n\t\t\t\t\t<h2 class=\"elementor-heading-title elementor-size-default\">Clair. Honn\u00eate. Personnalis\u00e9.  <\/h2>\t\t\t\t<\/div>\n\t\t\t\t<div class=\"elementor-element elementor-element-a1f062e elementor-invisible elementor-widget elementor-widget-text-editor\" data-id=\"a1f062e\" data-element_type=\"widget\" data-e-type=\"widget\" data-settings=\"{&quot;_animation&quot;:&quot;fadeInUp&quot;,&quot;_animation_delay&quot;:300}\" data-widget_type=\"text-editor.default\">\n\t\t\t\t\t\t\t\t\t<p>En tant que propri\u00e9taire d\u2019entreprise, vous prenez les d\u00e9cisions. Vous m\u00e9ritez donc de savoir dans quoi vous vous engagez. Notre structure de tarification co\u00fbt major\u00e9 est con\u00e7ue pour vous montrer exactement comment nous calculons les frais de traitement pour chaque type de transaction par carte de cr\u00e9dit et de d\u00e9bit. Nous pensons que vous devriez avoir une visibilit\u00e9 totale sur les co\u00fbts qui affectent vos r\u00e9sultats.   <\/p>\t\t\t\t\t\t\t\t<\/div>\n\t\t\t\t<\/div>\n\t\t\t\t\t<\/div>\n\t\t\t\t<\/div>\n\t\t<div class=\"elementor-element elementor-element-c6d0b8a pri_gradient_bg e-flex e-con-boxed elementor-invisible e-con e-parent\" data-id=\"c6d0b8a\" data-element_type=\"container\" data-e-type=\"container\" data-settings=\"{&quot;background_background&quot;:&quot;gradient&quot;,&quot;animation&quot;:&quot;fadeInUp&quot;}\">\n\t\t\t\t\t<div class=\"e-con-inner\">\n\t\t\t\t<div class=\"elementor-element elementor-element-61ac0fe small-to-big-anim-img elementor-widget elementor-widget-image\" data-id=\"61ac0fe\" data-element_type=\"widget\" data-e-type=\"widget\" data-widget_type=\"image.default\">\n\t\t\t\t\t\t\t\t\t\t\t\t\t\t\t<img fetchpriority=\"high\" decoding=\"async\" width=\"1300\" height=\"600\" src=\"https:\/\/digitechpayments.com\/wp-content\/uploads\/2025\/12\/pricing-img.jpg\" class=\"attachment-full size-full wp-image-2888\" alt=\"Tarification\" srcset=\"https:\/\/digitechpayments.com\/wp-content\/uploads\/2025\/12\/pricing-img.jpg 1300w, https:\/\/digitechpayments.com\/wp-content\/uploads\/2025\/12\/pricing-img-300x138.jpg 300w, https:\/\/digitechpayments.com\/wp-content\/uploads\/2025\/12\/pricing-img-1024x473.jpg 1024w, https:\/\/digitechpayments.com\/wp-content\/uploads\/2025\/12\/pricing-img-768x354.jpg 768w\" sizes=\"(max-width: 1300px) 100vw, 1300px\" \/>\t\t\t\t\t\t\t\t\t\t\t\t\t\t\t<\/div>\n\t\t<div class=\"elementor-element elementor-element-db81caf e-con-full e-flex e-con e-child\" data-id=\"db81caf\" data-element_type=\"container\" data-e-type=\"container\">\n\t\t<div class=\"elementor-element elementor-element-e316d4b e-con-full e-flex e-con e-child\" data-id=\"e316d4b\" data-element_type=\"container\" data-e-type=\"container\">\n\t\t\t\t<div class=\"elementor-element elementor-element-389ab40 elementor-invisible elementor-widget elementor-widget-heading\" data-id=\"389ab40\" data-element_type=\"widget\" data-e-type=\"widget\" data-settings=\"{&quot;_animation&quot;:&quot;fadeInUp&quot;}\" data-widget_type=\"heading.default\">\n\t\t\t\t\t<h3 class=\"elementor-heading-title elementor-size-default\">Qu\u2019est-ce que la tarification co\u00fbt major\u00e9 <strong>?<\/strong><\/h3>\t\t\t\t<\/div>\n\t\t\t\t<\/div>\n\t\t<div class=\"elementor-element elementor-element-30ec3fd e-con-full e-flex e-con e-child\" data-id=\"30ec3fd\" data-element_type=\"container\" data-e-type=\"container\">\n\t\t\t\t<div class=\"elementor-element elementor-element-7b18f4e elementor-invisible elementor-widget elementor-widget-text-editor\" data-id=\"7b18f4e\" data-element_type=\"widget\" data-e-type=\"widget\" data-settings=\"{&quot;_animation&quot;:&quot;fadeInUp&quot;,&quot;_animation_delay&quot;:200}\" data-widget_type=\"text-editor.default\">\n\t\t\t\t\t\t\t\t\t<p>La tarification co\u00fbt major\u00e9 signifie que nous calculons les taux de traitement des paiements pour nos marchands en fonction d\u2019un ensemble de trois co\u00fbts fixes&nbsp;: des frais d\u2019interchange, des frais d\u2019\u00e9valuation et des frais de traitement. Nous n\u2019ajoutons jamais de frais suppl\u00e9mentaires, et lorsque Visa et Mastercard ajustent les taux d\u2019interchange, nous vous transf\u00e9rons l\u2019int\u00e9gralit\u00e9 de la diff\u00e9rence. <\/p><p>La tarification co\u00fbt major\u00e9 a les marges b\u00e9n\u00e9ficiaires les plus faibles pour les fournisseurs de services aux commer\u00e7ants et les processeurs de paiement, c\u2019est pourquoi la plupart ne l\u2019utilisent pas. Nous l\u2019avons adopt\u00e9e parce que l\u2019honn\u00eatet\u00e9 et la transparence comptent pour nous. Montrer \u00e0 nos marchands ce qui leur est factur\u00e9 est la fa\u00e7on dont nous promettons de meilleurs tarifs que vous pouvez v\u00e9rifier vous-m\u00eame.  <\/p>\t\t\t\t\t\t\t\t<\/div>\n\t\t\t\t<\/div>\n\t\t\t\t<\/div>\n\t\t\t\t\t<\/div>\n\t\t\t\t<\/div>\n\t\t<div class=\"elementor-element elementor-element-ecad954 e-flex e-con-boxed e-con e-parent\" data-id=\"ecad954\" data-element_type=\"container\" data-e-type=\"container\">\n\t\t\t\t\t<div class=\"e-con-inner\">\n\t\t<div class=\"elementor-element elementor-element-b081701 e-con-full e-flex e-con e-child\" data-id=\"b081701\" data-element_type=\"container\" data-e-type=\"container\">\n\t\t\t\t<div class=\"elementor-element elementor-element-5ca6c00 elementor-widget__width-auto elementor-invisible elementor-widget elementor-widget-heading\" data-id=\"5ca6c00\" data-element_type=\"widget\" data-e-type=\"widget\" data-settings=\"{&quot;_animation&quot;:&quot;fadeInUp&quot;}\" data-widget_type=\"heading.default\">\n\t\t\t\t\t<h3 class=\"elementor-heading-title elementor-size-default\">Comment nous le calculons<\/h3>\t\t\t\t<\/div>\n\t\t\t\t<div class=\"elementor-element elementor-element-69f4dd0 elementor-invisible elementor-widget elementor-widget-text-editor\" data-id=\"69f4dd0\" data-element_type=\"widget\" data-e-type=\"widget\" data-settings=\"{&quot;_animation&quot;:&quot;fadeInUp&quot;}\" data-widget_type=\"text-editor.default\">\n\t\t\t\t\t\t\t\t\t<p>Frais d\u2019interchange + Frais d\u2019\u00e9valuation + Frais de traitement = <strong>Votre taux de traitement des paiements<\/strong><\/p>\t\t\t\t\t\t\t\t<\/div>\n\t\t\t\t<\/div>\n\t\t<div class=\"elementor-element elementor-element-3e54221 e-con-full e-flex e-con e-child\" data-id=\"3e54221\" data-element_type=\"container\" data-e-type=\"container\">\n\t\t<div class=\"elementor-element elementor-element-7a1e6bd e-con-full e-flex elementor-invisible e-con e-child\" data-id=\"7a1e6bd\" data-element_type=\"container\" data-e-type=\"container\" data-settings=\"{&quot;background_background&quot;:&quot;classic&quot;,&quot;animation&quot;:&quot;fadeInUp&quot;}\">\n\t\t\t\t<div class=\"elementor-element elementor-element-7e7bf32 elementor-widget__width-auto elementor-widget elementor-widget-heading\" data-id=\"7e7bf32\" data-element_type=\"widget\" data-e-type=\"widget\" data-widget_type=\"heading.default\">\n\t\t\t\t\t<h3 class=\"elementor-heading-title elementor-size-default\">Frais d\u2019interchange<\/h3>\t\t\t\t<\/div>\n\t\t\t\t<div class=\"elementor-element elementor-element-5ec6622 elementor-widget elementor-widget-text-editor\" data-id=\"5ec6622\" data-element_type=\"widget\" data-e-type=\"widget\" data-widget_type=\"text-editor.default\">\n\t\t\t\t\t\t\t\t\t<p>Il s\u2019agit du pourcentage que la banque \u00e9mettrice de la carte facture \u00e0 un processeur de paiement chaque fois qu\u2019un commer\u00e7ant accepte une transaction effectu\u00e9e avec l\u2019une de ses cartes. Visa et Mastercard fixent les frais, et ils sont les m\u00eames pour tous les processeurs. Chaque type de carte et de transaction a un taux de co\u00fbt diff\u00e9rent.  <\/p>\t\t\t\t\t\t\t\t<\/div>\n\t\t\t\t<div class=\"elementor-element elementor-element-3b1638b elementor-widget elementor-widget-text-editor\" data-id=\"3b1638b\" data-element_type=\"widget\" data-e-type=\"widget\" data-widget_type=\"text-editor.default\">\n\t\t\t\t\t\t\t\t\t<p><strong>Consultez les taux d\u2019interchange de <a href=\"https:\/\/www.visa.ca\/en_CA\/support\/small-business\/interchange.html\" target=\"_blank\" rel=\"noopener\">Visa<\/a> et <a href=\"https:\/\/www.mastercard.ca\/en-ca\/about-mastercard\/what-we-do\/interchange.html\" target=\"_blank\" rel=\"noopener\">Mastercard<\/a> pour tous les types de cartes.<\/strong><\/p>\t\t\t\t\t\t\t\t<\/div>\n\t\t\t\t<\/div>\n\t\t<div class=\"elementor-element elementor-element-15edec7 e-con-full e-flex elementor-invisible e-con e-child\" data-id=\"15edec7\" data-element_type=\"container\" data-e-type=\"container\" data-settings=\"{&quot;background_background&quot;:&quot;classic&quot;,&quot;animation&quot;:&quot;fadeInUp&quot;,&quot;animation_delay&quot;:100}\">\n\t\t\t\t<div class=\"elementor-element elementor-element-b20c5d4 elementor-widget__width-auto elementor-widget elementor-widget-heading\" data-id=\"b20c5d4\" data-element_type=\"widget\" data-e-type=\"widget\" data-widget_type=\"heading.default\">\n\t\t\t\t\t<h3 class=\"elementor-heading-title elementor-size-default\">Frais d\u2019\u00e9valuation<\/h3>\t\t\t\t<\/div>\n\t\t\t\t<div class=\"elementor-element elementor-element-034a982 elementor-widget elementor-widget-text-editor\" data-id=\"034a982\" data-element_type=\"widget\" data-e-type=\"widget\" data-widget_type=\"text-editor.default\">\n\t\t\t\t\t\t\t\t\t<p>Ce pourcentage est vers\u00e9 \u00e0 Visa et Mastercard et couvre le co\u00fbt de la maintenance du r\u00e9seau de paiement.<\/p>\t\t\t\t\t\t\t\t<\/div>\n\t\t\t\t<\/div>\n\t\t\t\t<\/div>\n\t\t\t\t<div class=\"elementor-element elementor-element-1419b4f elementor-absolute elementor-hidden-tablet elementor-hidden-mobile elementor-widget elementor-widget-image\" data-id=\"1419b4f\" data-element_type=\"widget\" data-e-type=\"widget\" data-settings=\"{&quot;_position&quot;:&quot;absolute&quot;}\" data-widget_type=\"image.default\">\n\t\t\t\t\t\t\t\t\t\t\t\t\t\t\t<img decoding=\"async\" width=\"807\" height=\"888\" src=\"https:\/\/digitechpayments.com\/wp-content\/uploads\/2025\/12\/shadow9.png\" class=\"attachment-full size-full wp-image-2889\" alt=\"\" srcset=\"https:\/\/digitechpayments.com\/wp-content\/uploads\/2025\/12\/shadow9.png 807w, https:\/\/digitechpayments.com\/wp-content\/uploads\/2025\/12\/shadow9-273x300.png 273w, https:\/\/digitechpayments.com\/wp-content\/uploads\/2025\/12\/shadow9-768x845.png 768w\" sizes=\"(max-width: 807px) 100vw, 807px\" \/>\t\t\t\t\t\t\t\t\t\t\t\t\t\t\t<\/div>\n\t\t\t\t<div class=\"elementor-element elementor-element-97b059c elementor-absolute elementor-widget elementor-widget-image\" data-id=\"97b059c\" data-element_type=\"widget\" data-e-type=\"widget\" data-settings=\"{&quot;_position&quot;:&quot;absolute&quot;}\" data-widget_type=\"image.default\">\n\t\t\t\t\t\t\t\t\t\t\t\t\t\t\t<img decoding=\"async\" width=\"467\" height=\"611\" src=\"https:\/\/digitechpayments.com\/wp-content\/uploads\/2025\/12\/design_img1.png\" class=\"attachment-full size-full wp-image-2833\" alt=\"Image de conception 1\" srcset=\"https:\/\/digitechpayments.com\/wp-content\/uploads\/2025\/12\/design_img1.png 467w, https:\/\/digitechpayments.com\/wp-content\/uploads\/2025\/12\/design_img1-229x300.png 229w\" sizes=\"(max-width: 467px) 100vw, 467px\" \/>\t\t\t\t\t\t\t\t\t\t\t\t\t\t\t<\/div>\n\t\t\t\t\t<\/div>\n\t\t\t\t<\/div>\n\t\t<div class=\"elementor-element elementor-element-d52b7db e-flex e-con-boxed e-con e-parent\" data-id=\"d52b7db\" data-element_type=\"container\" data-e-type=\"container\" data-settings=\"{&quot;background_background&quot;:&quot;classic&quot;}\">\n\t\t\t\t\t<div class=\"e-con-inner\">\n\t\t<div class=\"elementor-element elementor-element-40e6769 e-con-full e-flex e-con e-child\" data-id=\"40e6769\" data-element_type=\"container\" data-e-type=\"container\">\n\t\t\t\t<div class=\"elementor-element elementor-element-0ec4d42 elementor-widget__width-auto elementor-invisible elementor-widget elementor-widget-heading\" data-id=\"0ec4d42\" data-element_type=\"widget\" data-e-type=\"widget\" data-settings=\"{&quot;_animation&quot;:&quot;fadeInUp&quot;}\" data-widget_type=\"heading.default\">\n\t\t\t\t\t<h3 class=\"elementor-heading-title elementor-size-default\">Frais de traitement<\/h3>\t\t\t\t<\/div>\n\t\t\t\t<div class=\"elementor-element elementor-element-dbb02c0 elementor-invisible elementor-widget elementor-widget-heading\" data-id=\"dbb02c0\" data-element_type=\"widget\" data-e-type=\"widget\" data-settings=\"{&quot;_animation&quot;:&quot;fadeInUp&quot;}\" data-widget_type=\"heading.default\">\n\t\t\t\t\t<h3 class=\"elementor-heading-title elementor-size-default\">Le pourcentage qu\u2019un processeur de paiement facture pour effectuer la transaction. <\/h3>\t\t\t\t<\/div>\n\t\t\t\t<div class=\"elementor-element elementor-element-5b8d91d elementor-widget__width-initial elementor-invisible elementor-widget elementor-widget-text-editor\" data-id=\"5b8d91d\" data-element_type=\"widget\" data-e-type=\"widget\" data-settings=\"{&quot;_animation&quot;:&quot;fadeInUp&quot;}\" data-widget_type=\"text-editor.default\">\n\t\t\t\t\t\t\t\t\t<p>Nous n\u00e9gocions ce montant avec les processeurs au cas par cas afin de pouvoir offrir \u00e0 chacun de nos marchands un taux concurrentiel adapt\u00e9 \u00e0 leurs besoins sp\u00e9cifiques.<\/p>\t\t\t\t\t\t\t\t<\/div>\n\t\t\t\t<\/div>\n\t\t<div class=\"elementor-element elementor-element-f4a46c9 e-con-full e-flex e-con e-child\" data-id=\"f4a46c9\" data-element_type=\"container\" data-e-type=\"container\">\n\t\t\t\t<div class=\"elementor-element elementor-element-f1f5a84 elementor-invisible elementor-widget elementor-widget-video\" data-id=\"f1f5a84\" data-element_type=\"widget\" data-e-type=\"widget\" data-settings=\"{&quot;youtube_url&quot;:&quot;https:\\\/\\\/www.youtube.com\\\/watch?v=o8AGUQAIons&quot;,&quot;_animation&quot;:&quot;fadeInUp&quot;,&quot;video_type&quot;:&quot;youtube&quot;,&quot;controls&quot;:&quot;yes&quot;}\" data-widget_type=\"video.default\">\n\t\t\t\t\t\t\t<div class=\"elementor-wrapper elementor-open-inline\">\n\t\t\t<div class=\"elementor-video\"><\/div>\t\t<\/div>\n\t\t\t\t\t\t<\/div>\n\t\t\t\t<\/div>\n\t\t\t\t\t<\/div>\n\t\t\t\t<\/div>\n\t\t<div class=\"elementor-element elementor-element-8d035b7 e-flex e-con-boxed e-con e-parent\" data-id=\"8d035b7\" data-element_type=\"container\" data-e-type=\"container\" data-settings=\"{&quot;background_background&quot;:&quot;classic&quot;}\">\n\t\t\t\t\t<div class=\"e-con-inner\">\n\t\t<div class=\"elementor-element elementor-element-cbfd43f e-con-full e-flex e-con e-child\" data-id=\"cbfd43f\" data-element_type=\"container\" data-e-type=\"container\">\n\t\t<div class=\"elementor-element elementor-element-ef2a855 e-con-full e-flex e-con e-child\" data-id=\"ef2a855\" data-element_type=\"container\" data-e-type=\"container\">\n\t\t\t\t<div class=\"elementor-element elementor-element-62226a8 elementor-invisible elementor-widget elementor-widget-heading\" data-id=\"62226a8\" data-element_type=\"widget\" data-e-type=\"widget\" data-settings=\"{&quot;_animation&quot;:&quot;fadeInUp&quot;}\" data-widget_type=\"heading.default\">\n\t\t\t\t\t<h3 class=\"elementor-heading-title elementor-size-default\">Personnalisation de \nvotre solution<\/h3>\t\t\t\t<\/div>\n\t\t\t\t<\/div>\n\t\t<div class=\"elementor-element elementor-element-a357745 e-con-full e-flex e-con e-child\" data-id=\"a357745\" data-element_type=\"container\" data-e-type=\"container\">\n\t\t\t\t<div class=\"elementor-element elementor-element-712e636 elementor-invisible elementor-widget elementor-widget-heading\" data-id=\"712e636\" data-element_type=\"widget\" data-e-type=\"widget\" data-settings=\"{&quot;_animation&quot;:&quot;fadeInUp&quot;}\" data-widget_type=\"heading.default\">\n\t\t\t\t\t<div class=\"elementor-heading-title elementor-size-default\">La plupart des entreprises ne prendront pas le temps de comprendre votre entreprise. Au lieu de cela, ils vous proposeront un taux de traitement forfaitaire qui peut \u00eatre trompeusement co\u00fbteux. <\/div>\t\t\t\t<\/div>\n\t\t\t\t<div class=\"elementor-element elementor-element-c06d7f1 elementor-invisible elementor-widget elementor-widget-text-editor\" data-id=\"c06d7f1\" data-element_type=\"widget\" data-e-type=\"widget\" data-settings=\"{&quot;_animation&quot;:&quot;fadeInUp&quot;}\" data-widget_type=\"text-editor.default\">\n\t\t\t\t\t\t\t\t\t<p>Nous n\u2019offrons pas \u00e0 nos marchands des frais de traitement fixes, car nous offrons quelque chose de mieux&nbsp;: des tarifs adapt\u00e9s aux besoins individuels de votre entreprise.<\/p><p>Lorsque vous nous envoyez le relev\u00e9 le plus r\u00e9cent du processeur de paiement de votre entreprise, notre \u00e9quipe d\u2019experts effectuera une analyse d\u00e9taill\u00e9e et personnalis\u00e9e des endroits o\u00f9 nous pouvons r\u00e9duire vos co\u00fbts. Ils tiennent compte du volume, du nombre, du montant, du type de carte et de l\u2019environnement des transactions trait\u00e9es par votre entreprise. Une fois que nous avons con\u00e7u une structure de prix autour du mod\u00e8le de vente et d\u2019exploitation de votre entreprise, nous nous associons \u00e0 des processeurs de paiement pour mettre en \u0153uvre vos tarifs personnalis\u00e9s.  <\/p>\t\t\t\t\t\t\t\t<\/div>\n\t\t\t\t<\/div>\n\t\t\t\t<\/div>\n\t\t\t\t<div class=\"elementor-element elementor-element-9c20bc6 elementor-absolute e-transform elementor-hidden-tablet elementor-hidden-mobile elementor-widget elementor-widget-image\" data-id=\"9c20bc6\" data-element_type=\"widget\" data-e-type=\"widget\" data-settings=\"{&quot;_position&quot;:&quot;absolute&quot;,&quot;_transform_flipY_effect&quot;:&quot;transform&quot;}\" data-widget_type=\"image.default\">\n\t\t\t\t\t\t\t\t\t\t\t\t\t\t\t<img loading=\"lazy\" decoding=\"async\" width=\"690\" height=\"580\" src=\"https:\/\/digitechpayments.com\/wp-content\/uploads\/2025\/12\/shadow4.png\" class=\"attachment-full size-full wp-image-2890\" alt=\"\" srcset=\"https:\/\/digitechpayments.com\/wp-content\/uploads\/2025\/12\/shadow4.png 690w, https:\/\/digitechpayments.com\/wp-content\/uploads\/2025\/12\/shadow4-300x252.png 300w\" sizes=\"(max-width: 690px) 100vw, 690px\" \/>\t\t\t\t\t\t\t\t\t\t\t\t\t\t\t<\/div>\n\t\t\t\t\t<\/div>\n\t\t\t\t<\/div>\n\t\t\t\t<\/div>\n\t\t","protected":false},"excerpt":{"rendered":"<p>DigitechPaiements Tarification Clair. Honn\u00eate. Personnalis\u00e9. En tant que propri\u00e9taire d\u2019entreprise, vous prenez les d\u00e9cisions. Vous m\u00e9ritez donc de savoir dans quoi vous vous engagez. Notre structure de tarification co\u00fbt major\u00e9 est con\u00e7ue pour vous montrer exactement comment nous calculons les frais de traitement pour chaque type de transaction par carte de cr\u00e9dit et de d\u00e9bit. [&hellip;]<\/p>\n","protected":false},"author":1,"featured_media":0,"parent":0,"menu_order":0,"comment_status":"closed","ping_status":"closed","template":"","meta":{"footnotes":""},"class_list":["post-2887","page","type-page","status-publish","hentry"],"_links":{"self":[{"href":"https:\/\/digitechpayments.com\/fr\/wp-json\/wp\/v2\/pages\/2887","targetHints":{"allow":["GET"]}}],"collection":[{"href":"https:\/\/digitechpayments.com\/fr\/wp-json\/wp\/v2\/pages"}],"about":[{"href":"https:\/\/digitechpayments.com\/fr\/wp-json\/wp\/v2\/types\/page"}],"author":[{"embeddable":true,"href":"https:\/\/digitechpayments.com\/fr\/wp-json\/wp\/v2\/users\/1"}],"replies":[{"embeddable":true,"href":"https:\/\/digitechpayments.com\/fr\/wp-json\/wp\/v2\/comments?post=2887"}],"version-history":[{"count":7,"href":"https:\/\/digitechpayments.com\/fr\/wp-json\/wp\/v2\/pages\/2887\/revisions"}],"predecessor-version":[{"id":12510,"href":"https:\/\/digitechpayments.com\/fr\/wp-json\/wp\/v2\/pages\/2887\/revisions\/12510"}],"wp:attachment":[{"href":"https:\/\/digitechpayments.com\/fr\/wp-json\/wp\/v2\/media?parent=2887"}],"curies":[{"name":"wp","href":"https:\/\/api.w.org\/{rel}","templated":true}]}}