{"id":2866,"date":"2026-01-02T05:45:35","date_gmt":"2026-01-02T05:45:35","guid":{"rendered":"https:\/\/digitechpayments.com\/contactez-nous\/"},"modified":"2026-01-09T04:06:01","modified_gmt":"2026-01-09T04:06:01","slug":"contactez-nous","status":"publish","type":"page","link":"https:\/\/digitechpayments.com\/fr\/contactez-nous\/","title":{"rendered":"Contactez-nous"},"content":{"rendered":"\t\t<div data-elementor-type=\"wp-page\" data-elementor-id=\"2866\" class=\"elementor elementor-2866 elementor-60\" data-elementor-post-type=\"page\">\n\t\t\t\t<div class=\"elementor-element elementor-element-43d1c2f inner_page_header_wrapper e-flex e-con-boxed e-con e-parent\" data-id=\"43d1c2f\" data-element_type=\"container\" data-e-type=\"container\">\n\t\t\t\t\t<div class=\"e-con-inner\">\n\t\t<div class=\"elementor-element elementor-element-3086500 e-con-full e-flex e-con e-child\" data-id=\"3086500\" data-element_type=\"container\" data-e-type=\"container\">\n\t\t\t\t<div class=\"elementor-element elementor-element-4297ca9 elementor-widget__width-auto elementor-invisible elementor-widget elementor-widget-heading\" data-id=\"4297ca9\" data-element_type=\"widget\" data-e-type=\"widget\" data-settings=\"{&quot;_animation&quot;:&quot;fadeInUp&quot;}\" data-widget_type=\"heading.default\">\n\t\t\t\t\t<div class=\"elementor-heading-title elementor-size-default\">DigitechPaiements<\/div>\t\t\t\t<\/div>\n\t\t\t\t<div class=\"elementor-element elementor-element-0fc8ea2 page_title elementor-invisible elementor-widget elementor-widget-heading\" data-id=\"0fc8ea2\" data-element_type=\"widget\" data-e-type=\"widget\" data-settings=\"{&quot;_animation&quot;:&quot;fadeInUp&quot;,&quot;_animation_delay&quot;:100}\" data-widget_type=\"heading.default\">\n\t\t\t\t\t<h1 class=\"elementor-heading-title elementor-size-default\">Contact <\/h1>\t\t\t\t<\/div>\n\t\t\t\t<\/div>\n\t\t<div class=\"elementor-element elementor-element-ad67653 e-con-full e-flex e-con e-child\" data-id=\"ad67653\" data-element_type=\"container\" data-e-type=\"container\">\n\t\t\t\t<div class=\"elementor-element elementor-element-5f2e56d elementor-widget__width-initial elementor-invisible elementor-widget elementor-widget-heading\" data-id=\"5f2e56d\" data-element_type=\"widget\" data-e-type=\"widget\" data-settings=\"{&quot;_animation&quot;:&quot;fadeInUp&quot;,&quot;_animation_delay&quot;:200}\" data-widget_type=\"heading.default\">\n\t\t\t\t\t<h2 class=\"elementor-heading-title elementor-size-default\">Nous sommes l\u00e0 pour vous aider et r\u00e9pondre \u00e0 toutes les \nquestions que vous pourriez avoir.<\/h2>\t\t\t\t<\/div>\n\t\t\t\t<\/div>\n\t\t\t\t\t<\/div>\n\t\t\t\t<\/div>\n\t\t<div class=\"elementor-element elementor-element-cd16048 contact_img_wrapper e-flex e-con-boxed elementor-invisible e-con e-parent\" data-id=\"cd16048\" data-element_type=\"container\" data-e-type=\"container\" data-settings=\"{&quot;background_background&quot;:&quot;gradient&quot;,&quot;animation&quot;:&quot;fadeInUp&quot;}\">\n\t\t\t\t\t<div class=\"e-con-inner\">\n\t\t\t\t<div class=\"elementor-element elementor-element-b151bf0 small-to-big-anim-img elementor-widget elementor-widget-image\" data-id=\"b151bf0\" data-element_type=\"widget\" data-e-type=\"widget\" data-widget_type=\"image.default\">\n\t\t\t\t\t\t\t\t\t\t\t\t\t\t\t<img fetchpriority=\"high\" decoding=\"async\" width=\"1120\" height=\"630\" src=\"https:\/\/digitechpayments.com\/wp-content\/uploads\/2025\/12\/contact-img.jpg\" class=\"attachment-full size-full wp-image-2867\" alt=\"Image de contact\" srcset=\"https:\/\/digitechpayments.com\/wp-content\/uploads\/2025\/12\/contact-img.jpg 1120w, https:\/\/digitechpayments.com\/wp-content\/uploads\/2025\/12\/contact-img-300x169.jpg 300w, https:\/\/digitechpayments.com\/wp-content\/uploads\/2025\/12\/contact-img-1024x576.jpg 1024w, https:\/\/digitechpayments.com\/wp-content\/uploads\/2025\/12\/contact-img-768x432.jpg 768w\" sizes=\"(max-width: 1120px) 100vw, 1120px\" \/>\t\t\t\t\t\t\t\t\t\t\t\t\t\t\t<\/div>\n\t\t\t\t\t<\/div>\n\t\t\t\t<\/div>\n\t\t<div class=\"elementor-element elementor-element-5c65cd1 e-flex e-con-boxed e-con e-parent\" data-id=\"5c65cd1\" data-element_type=\"container\" data-e-type=\"container\" data-settings=\"{&quot;background_background&quot;:&quot;classic&quot;}\">\n\t\t\t\t\t<div class=\"e-con-inner\">\n\t\t<div class=\"elementor-element elementor-element-ac51c26 e-con-full e-flex e-con e-child\" data-id=\"ac51c26\" data-element_type=\"container\" data-e-type=\"container\">\n\t\t<div class=\"elementor-element elementor-element-24dfce7 e-con-full e-flex e-con e-child\" data-id=\"24dfce7\" data-element_type=\"container\" data-e-type=\"container\">\n\t\t\t\t<div class=\"elementor-element elementor-element-c0c79a7 elementor-invisible elementor-widget elementor-widget-heading\" data-id=\"c0c79a7\" data-element_type=\"widget\" data-e-type=\"widget\" data-settings=\"{&quot;_animation&quot;:&quot;fadeInUp&quot;}\" data-widget_type=\"heading.default\">\n\t\t\t\t\t<div class=\"elementor-heading-title elementor-size-default\">Nous serions ravis d'\u00e9changer avec vous et d'en savoir plus sur ce que nous pouvons construire ensemble. <strong>Donnez-nous quelques d\u00e9tails et nous vous contacterons.<\/strong><\/div>\t\t\t\t<\/div>\n\t\t\t\t<div class=\"elementor-element elementor-element-657e2e4 elementor-invisible elementor-widget elementor-widget-text-editor\" data-id=\"657e2e4\" data-element_type=\"widget\" data-e-type=\"widget\" data-settings=\"{&quot;_animation&quot;:&quot;fadeInUp&quot;}\" data-widget_type=\"text-editor.default\">\n\t\t\t\t\t\t\t\t\t<p>Dans les 48 heures, les sp\u00e9cialistes des tarifs de DigitechPaiements vous indiqueront comment nous pouvons faire \u00e9conomiser de l\u2019argent \u00e0 votre entreprise sur le traitement des paiements. Si nous ne le pouvons pas&nbsp;? Nous vous paierons 500&nbsp;$.<\/p>\t\t\t\t\t\t\t\t<\/div>\n\t\t\t\t<\/div>\n\t\t<div class=\"elementor-element elementor-element-985faa8 e-con-full e-flex e-con e-child\" data-id=\"985faa8\" data-element_type=\"container\" data-e-type=\"container\" data-settings=\"{&quot;background_background&quot;:&quot;classic&quot;}\">\n\t\t\t\t<div class=\"elementor-element elementor-element-1821e2f elementor-widget__width-auto elementor-invisible elementor-widget elementor-widget-heading\" data-id=\"1821e2f\" data-element_type=\"widget\" data-e-type=\"widget\" data-settings=\"{&quot;_animation&quot;:&quot;fadeInUp&quot;,&quot;_animation_delay&quot;:100}\" data-widget_type=\"heading.default\">\n\t\t\t\t\t<h3 class=\"elementor-heading-title elementor-size-default\">Contacter un analyste maintenant<\/h3>\t\t\t\t<\/div>\n\t\t\t\t<div class=\"elementor-element elementor-element-fba796f elementor-invisible elementor-widget elementor-widget-heading\" data-id=\"fba796f\" data-element_type=\"widget\" data-e-type=\"widget\" data-settings=\"{&quot;_animation&quot;:&quot;fadeInUp&quot;,&quot;_animation_delay&quot;:200}\" data-widget_type=\"heading.default\">\n\t\t\t\t\t<div class=\"elementor-heading-title elementor-size-default\">Obtenez une analyse gratuite de relev\u00e9<\/div>\t\t\t\t<\/div>\n\t\t\t\t<div class=\"elementor-element elementor-element-20e07e2 elementor-widget-divider--view-line elementor-invisible elementor-widget elementor-widget-divider\" data-id=\"20e07e2\" data-element_type=\"widget\" data-e-type=\"widget\" data-settings=\"{&quot;_animation&quot;:&quot;fadeInUp&quot;}\" data-widget_type=\"divider.default\">\n\t\t\t\t\t\t\t<div class=\"elementor-divider\">\n\t\t\t<span class=\"elementor-divider-separator\">\n\t\t\t\t\t\t<\/span>\n\t\t<\/div>\n\t\t\t\t\t\t<\/div>\n\t\t\t\t<div class=\"elementor-element elementor-element-546864e custom_cf7_form elementor-invisible elementor-widget elementor-widget-shortcode\" data-id=\"546864e\" data-element_type=\"widget\" data-e-type=\"widget\" data-settings=\"{&quot;_animation&quot;:&quot;fadeInUp&quot;}\" data-widget_type=\"shortcode.default\">\n\t\t\t\t\t\t\t<div class=\"elementor-shortcode\">\n<div class=\"wpcf7 no-js\" id=\"wpcf7-f8-o1\" lang=\"en-US\" dir=\"ltr\" data-wpcf7-id=\"8\">\n<div class=\"screen-reader-response\"><p role=\"status\" aria-live=\"polite\" aria-atomic=\"true\"><\/p> <ul><\/ul><\/div>\n<form action=\"\/fr\/wp-json\/wp\/v2\/pages\/2866#wpcf7-f8-o1\" method=\"post\" class=\"wpcf7-form init\" aria-label=\"Contact form\" novalidate=\"novalidate\" data-status=\"init\">\n<fieldset class=\"hidden-fields-container\"><input type=\"hidden\" name=\"_wpcf7\" value=\"8\" \/><input type=\"hidden\" name=\"_wpcf7_version\" value=\"6.1.5\" \/><input type=\"hidden\" name=\"_wpcf7_locale\" value=\"en_US\" \/><input type=\"hidden\" name=\"_wpcf7_unit_tag\" value=\"wpcf7-f8-o1\" \/><input type=\"hidden\" name=\"_wpcf7_container_post\" value=\"0\" \/><input type=\"hidden\" name=\"_wpcf7_posted_data_hash\" value=\"\" \/>\n<\/fieldset>\n<div class=\"d-flex\">\n\t<div class=\"col2\">\n\t\t<p><label>Business Name<span class=\"required-sign\">*<\/span><\/label><span class=\"wpcf7-form-control-wrap\" data-name=\"BusinessName\"><input size=\"40\" maxlength=\"400\" class=\"wpcf7-form-control wpcf7-text wpcf7-validates-as-required\" aria-required=\"true\" aria-invalid=\"false\" placeholder=\"Business Name\" value=\"\" type=\"text\" name=\"BusinessName\" \/><\/span>\n\t\t<\/p>\n\t<\/div>\n\t<div class=\"col2\">\n\t\t<p><label>Contact Name<span class=\"required-sign\">*<\/span><\/label><span class=\"wpcf7-form-control-wrap\" data-name=\"ContactName\"><input size=\"40\" maxlength=\"400\" class=\"wpcf7-form-control wpcf7-text wpcf7-validates-as-required\" aria-required=\"true\" aria-invalid=\"false\" placeholder=\"Contact Name\" value=\"\" type=\"text\" name=\"ContactName\" \/><\/span>\n\t\t<\/p>\n\t<\/div>\n\t<div class=\"col2\">\n\t\t<p><label>Phone Number<span class=\"required-sign\">*<\/span><\/label><span class=\"wpcf7-form-control-wrap\" data-name=\"Phone\"><input size=\"40\" maxlength=\"400\" class=\"wpcf7-form-control wpcf7-tel wpcf7-validates-as-required wpcf7-text wpcf7-validates-as-tel\" aria-required=\"true\" aria-invalid=\"false\" placeholder=\"Phone\" value=\"\" type=\"tel\" name=\"Phone\" \/><\/span>\n\t\t<\/p>\n\t<\/div>\n\t<div class=\"col2\">\n\t\t<p><label>Email Address<span class=\"required-sign\">*<\/span><\/label><span class=\"wpcf7-form-control-wrap\" data-name=\"Email\"><input size=\"40\" maxlength=\"400\" class=\"wpcf7-form-control wpcf7-email wpcf7-validates-as-required wpcf7-text wpcf7-validates-as-email\" aria-required=\"true\" aria-invalid=\"false\" placeholder=\"Email\" value=\"\" type=\"email\" name=\"Email\" \/><\/span>\n\t\t<\/p>\n\t<\/div>\n\t<div class=\"col1\">\n\t\t<p><label>Message<span class=\"required-sign\">*<\/span><\/label><span class=\"wpcf7-form-control-wrap\" data-name=\"Message\"><textarea cols=\"40\" rows=\"10\" maxlength=\"2000\" class=\"wpcf7-form-control wpcf7-textarea wpcf7-validates-as-required\" aria-required=\"true\" aria-invalid=\"false\" placeholder=\"Message\" name=\"Message\"><\/textarea><\/span>\n\t\t<\/p>\n\t<\/div>\n\t<div class=\"col1 submit-btn\">\n\t\t<p><input class=\"wpcf7-form-control wpcf7-submit has-spinner\" type=\"submit\" value=\"Submit\" \/>\n\t\t<\/p>\n\t<\/div>\n<\/div><div class=\"wpcf7-response-output\" aria-hidden=\"true\"><\/div>\n<\/form>\n<\/div>\n<\/div>\n\t\t\t\t\t\t<\/div>\n\t\t\t\t<\/div>\n\t\t\t\t<\/div>\n\t\t\t\t\t<\/div>\n\t\t\t\t<\/div>\n\t\t\t\t<\/div>\n\t\t","protected":false},"excerpt":{"rendered":"<p>DigitechPaiements Contact Nous sommes l\u00e0 pour vous aider et r\u00e9pondre \u00e0 toutes les questions que vous pourriez avoir. Nous serions ravis d&rsquo;\u00e9changer avec vous et d&rsquo;en savoir plus sur ce que nous pouvons construire ensemble. Donnez-nous quelques d\u00e9tails et nous vous contacterons. Dans les 48 heures, les sp\u00e9cialistes des tarifs de DigitechPaiements vous indiqueront comment [&hellip;]<\/p>\n","protected":false},"author":1,"featured_media":0,"parent":0,"menu_order":0,"comment_status":"closed","ping_status":"closed","template":"","meta":{"footnotes":""},"class_list":["post-2866","page","type-page","status-publish","hentry"],"_links":{"self":[{"href":"https:\/\/digitechpayments.com\/fr\/wp-json\/wp\/v2\/pages\/2866","targetHints":{"allow":["GET"]}}],"collection":[{"href":"https:\/\/digitechpayments.com\/fr\/wp-json\/wp\/v2\/pages"}],"about":[{"href":"https:\/\/digitechpayments.com\/fr\/wp-json\/wp\/v2\/types\/page"}],"author":[{"embeddable":true,"href":"https:\/\/digitechpayments.com\/fr\/wp-json\/wp\/v2\/users\/1"}],"replies":[{"embeddable":true,"href":"https:\/\/digitechpayments.com\/fr\/wp-json\/wp\/v2\/comments?post=2866"}],"version-history":[{"count":9,"href":"https:\/\/digitechpayments.com\/fr\/wp-json\/wp\/v2\/pages\/2866\/revisions"}],"predecessor-version":[{"id":13139,"href":"https:\/\/digitechpayments.com\/fr\/wp-json\/wp\/v2\/pages\/2866\/revisions\/13139"}],"wp:attachment":[{"href":"https:\/\/digitechpayments.com\/fr\/wp-json\/wp\/v2\/media?parent=2866"}],"curies":[{"name":"wp","href":"https:\/\/api.w.org\/{rel}","templated":true}]}}