{"id":2845,"date":"2026-01-02T05:42:05","date_gmt":"2026-01-02T05:42:05","guid":{"rendered":"https:\/\/digitechpayments.com\/commerce-electronique\/"},"modified":"2026-01-09T04:05:59","modified_gmt":"2026-01-09T04:05:59","slug":"commerce-electronique","status":"publish","type":"page","link":"https:\/\/digitechpayments.com\/fr\/commerce-electronique\/","title":{"rendered":"Commerce \u00e9lectronique"},"content":{"rendered":"\t\t<div data-elementor-type=\"wp-page\" data-elementor-id=\"2845\" class=\"elementor elementor-2845 elementor-1800\" data-elementor-post-type=\"page\">\n\t\t\t\t<div class=\"elementor-element elementor-element-e278398 inner_page_header_wrapper e-flex e-con-boxed e-con e-parent\" data-id=\"e278398\" data-element_type=\"container\" data-e-type=\"container\">\n\t\t\t\t\t<div class=\"e-con-inner\">\n\t\t<div class=\"elementor-element elementor-element-22b108f e-con-full e-flex e-con e-child\" data-id=\"22b108f\" data-element_type=\"container\" data-e-type=\"container\">\n\t\t\t\t<div class=\"elementor-element elementor-element-c96cfc1 elementor-widget__width-auto elementor-invisible elementor-widget elementor-widget-heading\" data-id=\"c96cfc1\" data-element_type=\"widget\" data-e-type=\"widget\" data-settings=\"{&quot;_animation&quot;:&quot;fadeInUp&quot;}\" data-widget_type=\"heading.default\">\n\t\t\t\t\t<div class=\"elementor-heading-title elementor-size-default\">Produits<\/div>\t\t\t\t<\/div>\n\t\t\t\t<div class=\"elementor-element elementor-element-e340a21 page_title elementor-invisible elementor-widget elementor-widget-heading\" data-id=\"e340a21\" data-element_type=\"widget\" data-e-type=\"widget\" data-settings=\"{&quot;_animation&quot;:&quot;fadeInUp&quot;,&quot;_animation_delay&quot;:100}\" data-widget_type=\"heading.default\">\n\t\t\t\t\t<h1 class=\"elementor-heading-title elementor-size-default\">Commerce \u00e9lectronique<\/h1>\t\t\t\t<\/div>\n\t\t\t\t<\/div>\n\t\t<div class=\"elementor-element elementor-element-18ac5a6 e-con-full e-flex e-con e-child\" data-id=\"18ac5a6\" data-element_type=\"container\" data-e-type=\"container\">\n\t\t\t\t<div class=\"elementor-element elementor-element-97f1531 elementor-widget__width-initial elementor-invisible elementor-widget elementor-widget-heading\" data-id=\"97f1531\" data-element_type=\"widget\" data-e-type=\"widget\" data-settings=\"{&quot;_animation&quot;:&quot;fadeInUp&quot;,&quot;_animation_delay&quot;:200}\" data-widget_type=\"heading.default\">\n\t\t\t\t\t<h2 class=\"elementor-heading-title elementor-size-default\">Mettez en place une plateforme de paiement num\u00e9rique et lancez votre entreprise en ligne. Offrez \u00e0 vos clients la facilit\u00e9 et la commodit\u00e9 des achats en ligne.<\/h2>\t\t\t\t<\/div>\n\t\t\t\t<\/div>\n\t\t\t\t\t<\/div>\n\t\t\t\t<\/div>\n\t\t<div class=\"elementor-element elementor-element-9b81a35 e-flex e-con-boxed e-con e-parent\" data-id=\"9b81a35\" data-element_type=\"container\" data-e-type=\"container\" data-settings=\"{&quot;background_background&quot;:&quot;classic&quot;}\">\n\t\t\t\t\t<div class=\"e-con-inner\">\n\t\t<div class=\"elementor-element elementor-element-7416189 e-con-full e-flex elementor-invisible e-con e-child\" data-id=\"7416189\" data-element_type=\"container\" data-e-type=\"container\" data-settings=\"{&quot;animation&quot;:&quot;fadeInUp&quot;}\">\n\t\t\t\t<div class=\"elementor-element elementor-element-8b856c6 product_faq elementor-widget elementor-widget-n-accordion\" data-id=\"8b856c6\" data-element_type=\"widget\" data-e-type=\"widget\" data-settings=\"{&quot;n_accordion_animation_duration&quot;:{&quot;unit&quot;:&quot;ms&quot;,&quot;size&quot;:300,&quot;sizes&quot;:[]},&quot;default_state&quot;:&quot;expanded&quot;,&quot;max_items_expended&quot;:&quot;one&quot;}\" data-widget_type=\"nested-accordion.default\">\n\t\t\t\t\t\t\t<div class=\"e-n-accordion\" aria-label=\"Accordion. Open links with Enter or Space, close with Escape, and navigate with Arrow Keys\">\n\t\t\t\t\t\t<details id=\"e-n-accordion-item-1460\" class=\"e-n-accordion-item\" open>\n\t\t\t\t<summary class=\"e-n-accordion-item-title\" data-accordion-index=\"1\" tabindex=\"0\" aria-expanded=\"true\" aria-controls=\"e-n-accordion-item-1460\" >\n\t\t\t\t\t<span class='e-n-accordion-item-title-header'><div class=\"e-n-accordion-item-title-text\"> Traitez les paiements par carte en ligne <\/div><\/span>\n\t\t\t\t\t\t\t<span class='e-n-accordion-item-title-icon'>\n\t\t\t<span class='e-opened' ><svg class=\"ekit-svg-icon icon-minus\" viewBox=\"0 0 32 32\" xmlns=\"http:\/\/www.w3.org\/2000\/svg\"><path d=\"M0 15.345h32v2.11h-32v-2.11z\"><\/path><\/svg><\/span>\n\t\t\t<span class='e-closed'><svg class=\"ekit-svg-icon icon-plus\" viewBox=\"0 0 32 32\" xmlns=\"http:\/\/www.w3.org\/2000\/svg\"><path d=\"M32 15.345h-14.945v-14.945h-2.11v14.945h-14.945v2.11h14.945v14.945h2.11v-14.945h14.945z\"><\/path><\/svg><\/span>\n\t\t<\/span>\n\n\t\t\t\t\t\t<\/summary>\n\t\t\t\t<div role=\"region\" aria-labelledby=\"e-n-accordion-item-1460\" class=\"elementor-element elementor-element-db84d57 e-con-full e-flex e-con e-child\" data-id=\"db84d57\" data-element_type=\"container\" data-e-type=\"container\">\n\t\t<div role=\"region\" aria-labelledby=\"e-n-accordion-item-1460\" class=\"elementor-element elementor-element-3a993a6 e-con-full e-flex e-con e-child\" data-id=\"3a993a6\" data-element_type=\"container\" data-e-type=\"container\">\n\t\t\t\t<div class=\"elementor-element elementor-element-d62e668 elementor-widget elementor-widget-text-editor\" data-id=\"d62e668\" data-element_type=\"widget\" data-e-type=\"widget\" data-widget_type=\"text-editor.default\">\n\t\t\t\t\t\t\t\t\t<p>Acceptez les transactions par carte de d\u00e9bit, Visa, Mastercard, American Express et Interac.<\/p>\t\t\t\t\t\t\t\t<\/div>\n\t\t\t\t<\/div>\n\t\t\t\t<\/div>\n\t\t\t\t\t<\/details>\n\t\t\t\t\t\t<details id=\"e-n-accordion-item-1461\" class=\"e-n-accordion-item\" >\n\t\t\t\t<summary class=\"e-n-accordion-item-title\" data-accordion-index=\"2\" tabindex=\"-1\" aria-expanded=\"false\" aria-controls=\"e-n-accordion-item-1461\" >\n\t\t\t\t\t<span class='e-n-accordion-item-title-header'><div class=\"e-n-accordion-item-title-text\"> Mettez en place un panier d\u2019achat <\/div><\/span>\n\t\t\t\t\t\t\t<span class='e-n-accordion-item-title-icon'>\n\t\t\t<span class='e-opened' ><svg class=\"ekit-svg-icon icon-minus\" viewBox=\"0 0 32 32\" xmlns=\"http:\/\/www.w3.org\/2000\/svg\"><path d=\"M0 15.345h32v2.11h-32v-2.11z\"><\/path><\/svg><\/span>\n\t\t\t<span class='e-closed'><svg class=\"ekit-svg-icon icon-plus\" viewBox=\"0 0 32 32\" xmlns=\"http:\/\/www.w3.org\/2000\/svg\"><path d=\"M32 15.345h-14.945v-14.945h-2.11v14.945h-14.945v2.11h14.945v14.945h2.11v-14.945h14.945z\"><\/path><\/svg><\/span>\n\t\t<\/span>\n\n\t\t\t\t\t\t<\/summary>\n\t\t\t\t<div role=\"region\" aria-labelledby=\"e-n-accordion-item-1461\" class=\"elementor-element elementor-element-e8e190f e-con-full e-flex e-con e-child\" data-id=\"e8e190f\" data-element_type=\"container\" data-e-type=\"container\">\n\t\t<div role=\"region\" aria-labelledby=\"e-n-accordion-item-1461\" class=\"elementor-element elementor-element-9c1d0e3 e-con-full e-flex e-con e-child\" data-id=\"9c1d0e3\" data-element_type=\"container\" data-e-type=\"container\">\n\t\t\t\t<div class=\"elementor-element elementor-element-498c4bc elementor-widget elementor-widget-text-editor\" data-id=\"498c4bc\" data-element_type=\"widget\" data-e-type=\"widget\" data-widget_type=\"text-editor.default\">\n\t\t\t\t\t\t\t\t\t<p>Int\u00e9grez facilement la fonctionnalit\u00e9 du bouton \u00ab Acheter \u00bb sur votre site web.<\/p>\t\t\t\t\t\t\t\t<\/div>\n\t\t\t\t<\/div>\n\t\t\t\t<\/div>\n\t\t\t\t\t<\/details>\n\t\t\t\t\t\t<details id=\"e-n-accordion-item-1462\" class=\"e-n-accordion-item\" >\n\t\t\t\t<summary class=\"e-n-accordion-item-title\" data-accordion-index=\"3\" tabindex=\"-1\" aria-expanded=\"false\" aria-controls=\"e-n-accordion-item-1462\" >\n\t\t\t\t\t<span class='e-n-accordion-item-title-header'><div class=\"e-n-accordion-item-title-text\"> Acceptez plusieurs devises <\/div><\/span>\n\t\t\t\t\t\t\t<span class='e-n-accordion-item-title-icon'>\n\t\t\t<span class='e-opened' ><svg class=\"ekit-svg-icon icon-minus\" viewBox=\"0 0 32 32\" xmlns=\"http:\/\/www.w3.org\/2000\/svg\"><path d=\"M0 15.345h32v2.11h-32v-2.11z\"><\/path><\/svg><\/span>\n\t\t\t<span class='e-closed'><svg class=\"ekit-svg-icon icon-plus\" viewBox=\"0 0 32 32\" xmlns=\"http:\/\/www.w3.org\/2000\/svg\"><path d=\"M32 15.345h-14.945v-14.945h-2.11v14.945h-14.945v2.11h14.945v14.945h2.11v-14.945h14.945z\"><\/path><\/svg><\/span>\n\t\t<\/span>\n\n\t\t\t\t\t\t<\/summary>\n\t\t\t\t<div role=\"region\" aria-labelledby=\"e-n-accordion-item-1462\" class=\"elementor-element elementor-element-66c434f e-con-full e-flex e-con e-child\" data-id=\"66c434f\" data-element_type=\"container\" data-e-type=\"container\">\n\t\t<div role=\"region\" aria-labelledby=\"e-n-accordion-item-1462\" class=\"elementor-element elementor-element-f50b51a e-con-full e-flex e-con e-child\" data-id=\"f50b51a\" data-element_type=\"container\" data-e-type=\"container\">\n\t\t\t\t<div class=\"elementor-element elementor-element-2f20623 elementor-widget elementor-widget-text-editor\" data-id=\"2f20623\" data-element_type=\"widget\" data-e-type=\"widget\" data-widget_type=\"text-editor.default\">\n\t\t\t\t\t\t\t\t\t<p>Servez une audience mondiale en traitant les transactions en CAD ou en USD.<\/p>\t\t\t\t\t\t\t\t<\/div>\n\t\t\t\t<\/div>\n\t\t\t\t<\/div>\n\t\t\t\t\t<\/details>\n\t\t\t\t\t\t<details id=\"e-n-accordion-item-1463\" class=\"e-n-accordion-item\" >\n\t\t\t\t<summary class=\"e-n-accordion-item-title\" data-accordion-index=\"4\" tabindex=\"-1\" aria-expanded=\"false\" aria-controls=\"e-n-accordion-item-1463\" >\n\t\t\t\t\t<span class='e-n-accordion-item-title-header'><div class=\"e-n-accordion-item-title-text\"> Acceptez les dons <\/div><\/span>\n\t\t\t\t\t\t\t<span class='e-n-accordion-item-title-icon'>\n\t\t\t<span class='e-opened' ><svg class=\"ekit-svg-icon icon-minus\" viewBox=\"0 0 32 32\" xmlns=\"http:\/\/www.w3.org\/2000\/svg\"><path d=\"M0 15.345h32v2.11h-32v-2.11z\"><\/path><\/svg><\/span>\n\t\t\t<span class='e-closed'><svg class=\"ekit-svg-icon icon-plus\" viewBox=\"0 0 32 32\" xmlns=\"http:\/\/www.w3.org\/2000\/svg\"><path d=\"M32 15.345h-14.945v-14.945h-2.11v14.945h-14.945v2.11h14.945v14.945h2.11v-14.945h14.945z\"><\/path><\/svg><\/span>\n\t\t<\/span>\n\n\t\t\t\t\t\t<\/summary>\n\t\t\t\t<div role=\"region\" aria-labelledby=\"e-n-accordion-item-1463\" class=\"elementor-element elementor-element-b585d5a e-con-full e-flex e-con e-child\" data-id=\"b585d5a\" data-element_type=\"container\" data-e-type=\"container\">\n\t\t<div role=\"region\" aria-labelledby=\"e-n-accordion-item-1463\" class=\"elementor-element elementor-element-5959cd3 e-con-full e-flex e-con e-child\" data-id=\"5959cd3\" data-element_type=\"container\" data-e-type=\"container\">\n\t\t\t\t<div class=\"elementor-element elementor-element-2bfd0a4 elementor-widget elementor-widget-text-editor\" data-id=\"2bfd0a4\" data-element_type=\"widget\" data-e-type=\"widget\" data-widget_type=\"text-editor.default\">\n\t\t\t\t\t\t\t\t\t<p>Recueillez des fonds en ligne pour votre cause, votre organisme de bienfaisance ou votre organisation \u00e0 but non lucratif.<\/p>\t\t\t\t\t\t\t\t<\/div>\n\t\t\t\t<\/div>\n\t\t\t\t<\/div>\n\t\t\t\t\t<\/details>\n\t\t\t\t\t\t<details id=\"e-n-accordion-item-1464\" class=\"e-n-accordion-item\" >\n\t\t\t\t<summary class=\"e-n-accordion-item-title\" data-accordion-index=\"5\" tabindex=\"-1\" aria-expanded=\"false\" aria-controls=\"e-n-accordion-item-1464\" >\n\t\t\t\t\t<span class='e-n-accordion-item-title-header'><div class=\"e-n-accordion-item-title-text\"> Traitez les paiements r\u00e9currents et la facturation \u00e9chelonn\u00e9e <\/div><\/span>\n\t\t\t\t\t\t\t<span class='e-n-accordion-item-title-icon'>\n\t\t\t<span class='e-opened' ><svg class=\"ekit-svg-icon icon-minus\" viewBox=\"0 0 32 32\" xmlns=\"http:\/\/www.w3.org\/2000\/svg\"><path d=\"M0 15.345h32v2.11h-32v-2.11z\"><\/path><\/svg><\/span>\n\t\t\t<span class='e-closed'><svg class=\"ekit-svg-icon icon-plus\" viewBox=\"0 0 32 32\" xmlns=\"http:\/\/www.w3.org\/2000\/svg\"><path d=\"M32 15.345h-14.945v-14.945h-2.11v14.945h-14.945v2.11h14.945v14.945h2.11v-14.945h14.945z\"><\/path><\/svg><\/span>\n\t\t<\/span>\n\n\t\t\t\t\t\t<\/summary>\n\t\t\t\t<div role=\"region\" aria-labelledby=\"e-n-accordion-item-1464\" class=\"elementor-element elementor-element-7cea8d5 e-con-full e-flex e-con e-child\" data-id=\"7cea8d5\" data-element_type=\"container\" data-e-type=\"container\">\n\t\t<div role=\"region\" aria-labelledby=\"e-n-accordion-item-1464\" class=\"elementor-element elementor-element-975257f e-con-full e-flex e-con e-child\" data-id=\"975257f\" data-element_type=\"container\" data-e-type=\"container\">\n\t\t\t\t<div class=\"elementor-element elementor-element-122d716 elementor-widget elementor-widget-text-editor\" data-id=\"122d716\" data-element_type=\"widget\" data-e-type=\"widget\" data-widget_type=\"text-editor.default\">\n\t\t\t\t\t\t\t\t\t<p>Automatisez les transactions r\u00e9p\u00e9t\u00e9es.<\/p>\t\t\t\t\t\t\t\t<\/div>\n\t\t\t\t<\/div>\n\t\t\t\t<\/div>\n\t\t\t\t\t<\/details>\n\t\t\t\t\t\t<details id=\"e-n-accordion-item-1465\" class=\"e-n-accordion-item\" >\n\t\t\t\t<summary class=\"e-n-accordion-item-title\" data-accordion-index=\"6\" tabindex=\"-1\" aria-expanded=\"false\" aria-controls=\"e-n-accordion-item-1465\" >\n\t\t\t\t\t<span class='e-n-accordion-item-title-header'><div class=\"e-n-accordion-item-title-text\"> Encaissez <\/div><\/span>\n\t\t\t\t\t\t\t<span class='e-n-accordion-item-title-icon'>\n\t\t\t<span class='e-opened' ><svg class=\"ekit-svg-icon icon-minus\" viewBox=\"0 0 32 32\" xmlns=\"http:\/\/www.w3.org\/2000\/svg\"><path d=\"M0 15.345h32v2.11h-32v-2.11z\"><\/path><\/svg><\/span>\n\t\t\t<span class='e-closed'><svg class=\"ekit-svg-icon icon-plus\" viewBox=\"0 0 32 32\" xmlns=\"http:\/\/www.w3.org\/2000\/svg\"><path d=\"M32 15.345h-14.945v-14.945h-2.11v14.945h-14.945v2.11h14.945v14.945h2.11v-14.945h14.945z\"><\/path><\/svg><\/span>\n\t\t<\/span>\n\n\t\t\t\t\t\t<\/summary>\n\t\t\t\t<div role=\"region\" aria-labelledby=\"e-n-accordion-item-1465\" class=\"elementor-element elementor-element-a421097 e-con-full e-flex e-con e-child\" data-id=\"a421097\" data-element_type=\"container\" data-e-type=\"container\">\n\t\t<div role=\"region\" aria-labelledby=\"e-n-accordion-item-1465\" class=\"elementor-element elementor-element-1d3645a e-con-full e-flex e-con e-child\" data-id=\"1d3645a\" data-element_type=\"container\" data-e-type=\"container\">\n\t\t\t\t<div class=\"elementor-element elementor-element-ef4b9ac elementor-widget elementor-widget-text-editor\" data-id=\"ef4b9ac\" data-element_type=\"widget\" data-e-type=\"widget\" data-widget_type=\"text-editor.default\">\n\t\t\t\t\t\t\t\t\t<p>D\u00e9posez des fonds sur n\u2019importe quel compte bancaire canadien.<\/p>\t\t\t\t\t\t\t\t<\/div>\n\t\t\t\t<\/div>\n\t\t\t\t<\/div>\n\t\t\t\t\t<\/details>\n\t\t\t\t\t\t<details id=\"e-n-accordion-item-1466\" class=\"e-n-accordion-item\" >\n\t\t\t\t<summary class=\"e-n-accordion-item-title\" data-accordion-index=\"7\" tabindex=\"-1\" aria-expanded=\"false\" aria-controls=\"e-n-accordion-item-1466\" >\n\t\t\t\t\t<span class='e-n-accordion-item-title-header'><div class=\"e-n-accordion-item-title-text\"> Acc\u00e9dez partout <\/div><\/span>\n\t\t\t\t\t\t\t<span class='e-n-accordion-item-title-icon'>\n\t\t\t<span class='e-opened' ><svg class=\"ekit-svg-icon icon-minus\" viewBox=\"0 0 32 32\" xmlns=\"http:\/\/www.w3.org\/2000\/svg\"><path d=\"M0 15.345h32v2.11h-32v-2.11z\"><\/path><\/svg><\/span>\n\t\t\t<span class='e-closed'><svg class=\"ekit-svg-icon icon-plus\" viewBox=\"0 0 32 32\" xmlns=\"http:\/\/www.w3.org\/2000\/svg\"><path d=\"M32 15.345h-14.945v-14.945h-2.11v14.945h-14.945v2.11h14.945v14.945h2.11v-14.945h14.945z\"><\/path><\/svg><\/span>\n\t\t<\/span>\n\n\t\t\t\t\t\t<\/summary>\n\t\t\t\t<div role=\"region\" aria-labelledby=\"e-n-accordion-item-1466\" class=\"elementor-element elementor-element-c781221 e-con-full e-flex e-con e-child\" data-id=\"c781221\" data-element_type=\"container\" data-e-type=\"container\">\n\t\t<div role=\"region\" aria-labelledby=\"e-n-accordion-item-1466\" class=\"elementor-element elementor-element-d4a321a e-con-full e-flex e-con e-child\" data-id=\"d4a321a\" data-element_type=\"container\" data-e-type=\"container\">\n\t\t\t\t<div class=\"elementor-element elementor-element-f45c844 elementor-widget elementor-widget-text-editor\" data-id=\"f45c844\" data-element_type=\"widget\" data-e-type=\"widget\" data-widget_type=\"text-editor.default\">\n\t\t\t\t\t\t\t\t\t<p>Connectez-vous \u00e0 votre plateforme de paiement depuis n\u2019importe quel ordinateur disposant d\u2019une connexion Internet.<\/p>\t\t\t\t\t\t\t\t<\/div>\n\t\t\t\t<\/div>\n\t\t\t\t<\/div>\n\t\t\t\t\t<\/details>\n\t\t\t\t\t\t<details id=\"e-n-accordion-item-1467\" class=\"e-n-accordion-item\" >\n\t\t\t\t<summary class=\"e-n-accordion-item-title\" data-accordion-index=\"8\" tabindex=\"-1\" aria-expanded=\"false\" aria-controls=\"e-n-accordion-item-1467\" >\n\t\t\t\t\t<span class='e-n-accordion-item-title-header'><div class=\"e-n-accordion-item-title-text\"> D\u00e9veloppez vos ventes <\/div><\/span>\n\t\t\t\t\t\t\t<span class='e-n-accordion-item-title-icon'>\n\t\t\t<span class='e-opened' ><svg class=\"ekit-svg-icon icon-minus\" viewBox=\"0 0 32 32\" xmlns=\"http:\/\/www.w3.org\/2000\/svg\"><path d=\"M0 15.345h32v2.11h-32v-2.11z\"><\/path><\/svg><\/span>\n\t\t\t<span class='e-closed'><svg class=\"ekit-svg-icon icon-plus\" viewBox=\"0 0 32 32\" xmlns=\"http:\/\/www.w3.org\/2000\/svg\"><path d=\"M32 15.345h-14.945v-14.945h-2.11v14.945h-14.945v2.11h14.945v14.945h2.11v-14.945h14.945z\"><\/path><\/svg><\/span>\n\t\t<\/span>\n\n\t\t\t\t\t\t<\/summary>\n\t\t\t\t<div role=\"region\" aria-labelledby=\"e-n-accordion-item-1467\" class=\"elementor-element elementor-element-9c749f6 e-con-full e-flex e-con e-child\" data-id=\"9c749f6\" data-element_type=\"container\" data-e-type=\"container\">\n\t\t<div role=\"region\" aria-labelledby=\"e-n-accordion-item-1467\" class=\"elementor-element elementor-element-2528159 e-con-full e-flex e-con e-child\" data-id=\"2528159\" data-element_type=\"container\" data-e-type=\"container\">\n\t\t\t\t<div class=\"elementor-element elementor-element-0c9921b elementor-widget elementor-widget-text-editor\" data-id=\"0c9921b\" data-element_type=\"widget\" data-e-type=\"widget\" data-widget_type=\"text-editor.default\">\n\t\t\t\t\t\t\t\t\t<p>Augmentez votre nombre de clients gr\u00e2ce \u00e0 des offres et des promotions exclusivement en ligne.<\/p>\t\t\t\t\t\t\t\t<\/div>\n\t\t\t\t<\/div>\n\t\t\t\t<\/div>\n\t\t\t\t\t<\/details>\n\t\t\t\t\t\t<details id=\"e-n-accordion-item-1468\" class=\"e-n-accordion-item\" >\n\t\t\t\t<summary class=\"e-n-accordion-item-title\" data-accordion-index=\"9\" tabindex=\"-1\" aria-expanded=\"false\" aria-controls=\"e-n-accordion-item-1468\" >\n\t\t\t\t\t<span class='e-n-accordion-item-title-header'><div class=\"e-n-accordion-item-title-text\"> D\u00e9veloppez votre audience <\/div><\/span>\n\t\t\t\t\t\t\t<span class='e-n-accordion-item-title-icon'>\n\t\t\t<span class='e-opened' ><svg class=\"ekit-svg-icon icon-minus\" viewBox=\"0 0 32 32\" xmlns=\"http:\/\/www.w3.org\/2000\/svg\"><path d=\"M0 15.345h32v2.11h-32v-2.11z\"><\/path><\/svg><\/span>\n\t\t\t<span class='e-closed'><svg class=\"ekit-svg-icon icon-plus\" viewBox=\"0 0 32 32\" xmlns=\"http:\/\/www.w3.org\/2000\/svg\"><path d=\"M32 15.345h-14.945v-14.945h-2.11v14.945h-14.945v2.11h14.945v14.945h2.11v-14.945h14.945z\"><\/path><\/svg><\/span>\n\t\t<\/span>\n\n\t\t\t\t\t\t<\/summary>\n\t\t\t\t<div role=\"region\" aria-labelledby=\"e-n-accordion-item-1468\" class=\"elementor-element elementor-element-e4cf28e e-con-full e-flex e-con e-child\" data-id=\"e4cf28e\" data-element_type=\"container\" data-e-type=\"container\">\n\t\t<div role=\"region\" aria-labelledby=\"e-n-accordion-item-1468\" class=\"elementor-element elementor-element-259310e e-con-full e-flex e-con e-child\" data-id=\"259310e\" data-element_type=\"container\" data-e-type=\"container\">\n\t\t\t\t<div class=\"elementor-element elementor-element-e87f8c6 elementor-widget elementor-widget-text-editor\" data-id=\"e87f8c6\" data-element_type=\"widget\" data-e-type=\"widget\" data-widget_type=\"text-editor.default\">\n\t\t\t\t\t\t\t\t\t<p>Trouvez de nouveaux clients partout dans le monde.<\/p>\t\t\t\t\t\t\t\t<\/div>\n\t\t\t\t<\/div>\n\t\t\t\t<\/div>\n\t\t\t\t\t<\/details>\n\t\t\t\t\t<\/div>\n\t\t\t\t\t\t<\/div>\n\t\t\t\t<\/div>\n\t\t<div class=\"elementor-element elementor-element-cf7225b e-con-full e-flex elementor-invisible e-con e-child\" data-id=\"cf7225b\" data-element_type=\"container\" data-e-type=\"container\" data-settings=\"{&quot;animation&quot;:&quot;fadeInUp&quot;}\">\n\t\t\t\t<div class=\"elementor-element elementor-element-b49b189 pro_featured_img elementor-widget elementor-widget-image\" data-id=\"b49b189\" data-element_type=\"widget\" data-e-type=\"widget\" data-widget_type=\"image.default\">\n\t\t\t\t\t\t\t\t\t\t\t\t\t\t\t<img fetchpriority=\"high\" decoding=\"async\" width=\"690\" height=\"635\" src=\"https:\/\/digitechpayments.com\/wp-content\/uploads\/2025\/12\/pro-ecommerce.jpg\" class=\"attachment-full size-full wp-image-2843\" alt=\"Commerce \u00e9lectronique\" srcset=\"https:\/\/digitechpayments.com\/wp-content\/uploads\/2025\/12\/pro-ecommerce.jpg 690w, https:\/\/digitechpayments.com\/wp-content\/uploads\/2025\/12\/pro-ecommerce-300x276.jpg 300w\" sizes=\"(max-width: 690px) 100vw, 690px\" \/>\t\t\t\t\t\t\t\t\t\t\t\t\t\t\t<\/div>\n\t\t\t\t<\/div>\n\t\t\t\t<div class=\"elementor-element elementor-element-30ad5ba elementor-absolute elementor-widget elementor-widget-image\" data-id=\"30ad5ba\" data-element_type=\"widget\" data-e-type=\"widget\" data-settings=\"{&quot;_position&quot;:&quot;absolute&quot;}\" data-widget_type=\"image.default\">\n\t\t\t\t\t\t\t\t\t\t\t\t\t\t\t<img decoding=\"async\" width=\"456\" height=\"591\" src=\"https:\/\/digitechpayments.com\/wp-content\/uploads\/2025\/12\/design_img2.png\" class=\"attachment-full size-full wp-image-2844\" alt=\"\" srcset=\"https:\/\/digitechpayments.com\/wp-content\/uploads\/2025\/12\/design_img2.png 456w, https:\/\/digitechpayments.com\/wp-content\/uploads\/2025\/12\/design_img2-231x300.png 231w\" sizes=\"(max-width: 456px) 100vw, 456px\" \/>\t\t\t\t\t\t\t\t\t\t\t\t\t\t\t<\/div>\n\t\t\t\t\t<\/div>\n\t\t\t\t<\/div>\n\t\t\t\t<\/div>\n\t\t","protected":false},"excerpt":{"rendered":"<p>Produits Commerce \u00e9lectronique Mettez en place une plateforme de paiement num\u00e9rique et lancez votre entreprise en ligne. Offrez \u00e0 vos clients la facilit\u00e9 et la commodit\u00e9 des achats en ligne. Traitez les paiements par carte en ligne Acceptez les transactions par carte de d\u00e9bit, Visa, Mastercard, American Express et Interac. Mettez en place un panier [&hellip;]<\/p>\n","protected":false},"author":1,"featured_media":0,"parent":0,"menu_order":0,"comment_status":"closed","ping_status":"closed","template":"","meta":{"footnotes":""},"class_list":["post-2845","page","type-page","status-publish","hentry"],"_links":{"self":[{"href":"https:\/\/digitechpayments.com\/fr\/wp-json\/wp\/v2\/pages\/2845","targetHints":{"allow":["GET"]}}],"collection":[{"href":"https:\/\/digitechpayments.com\/fr\/wp-json\/wp\/v2\/pages"}],"about":[{"href":"https:\/\/digitechpayments.com\/fr\/wp-json\/wp\/v2\/types\/page"}],"author":[{"embeddable":true,"href":"https:\/\/digitechpayments.com\/fr\/wp-json\/wp\/v2\/users\/1"}],"replies":[{"embeddable":true,"href":"https:\/\/digitechpayments.com\/fr\/wp-json\/wp\/v2\/comments?post=2845"}],"version-history":[{"count":5,"href":"https:\/\/digitechpayments.com\/fr\/wp-json\/wp\/v2\/pages\/2845\/revisions"}],"predecessor-version":[{"id":12492,"href":"https:\/\/digitechpayments.com\/fr\/wp-json\/wp\/v2\/pages\/2845\/revisions\/12492"}],"wp:attachment":[{"href":"https:\/\/digitechpayments.com\/fr\/wp-json\/wp\/v2\/media?parent=2845"}],"curies":[{"name":"wp","href":"https:\/\/api.w.org\/{rel}","templated":true}]}}